{"id":1429,"date":"2023-03-06T17:32:35","date_gmt":"2023-03-06T16:32:35","guid":{"rendered":"https:\/\/limage.lu\/?page_id=1429"},"modified":"2026-04-10T16:08:00","modified_gmt":"2026-04-10T14:08:00","slug":"reglements-conditions","status":"publish","type":"page","link":"https:\/\/limage.lu\/en\/reglements-conditions\/","title":{"rendered":"R\u00e8glements &#038; conditions"},"content":{"rendered":"<div data-elementor-type=\"wp-page\" data-elementor-id=\"1429\" class=\"elementor elementor-1429\">\n\t\t\t\t\t\t<section class=\"elementor-section elementor-top-section elementor-element elementor-element-dff9423 elementor-section-boxed elementor-section-height-default elementor-section-height-default\" data-id=\"dff9423\" data-element_type=\"section\" data-e-type=\"section\">\n\t\t\t\t\t\t<div class=\"elementor-container elementor-column-gap-default\">\n\t\t\t\t\t<div class=\"elementor-column elementor-col-100 elementor-top-column elementor-element elementor-element-ca30615\" data-id=\"ca30615\" data-element_type=\"column\" data-e-type=\"column\">\n\t\t\t<div class=\"elementor-widget-wrap elementor-element-populated\">\n\t\t\t\t\t\t<div class=\"elementor-element elementor-element-745a3bf elementor-widget elementor-widget-heading\" data-id=\"745a3bf\" data-element_type=\"widget\" data-e-type=\"widget\" data-widget_type=\"heading.default\">\n\t\t\t\t<div class=\"elementor-widget-container\">\n\t\t\t\t\t<h1 class=\"elementor-heading-title elementor-size-default\">R\u00e9glements &amp; conditions<\/h1>\t\t\t\t<\/div>\n\t\t\t\t<\/div>\n\t\t\t\t<div class=\"elementor-element elementor-element-15c4aa3 elementor-widget elementor-widget-spacer\" data-id=\"15c4aa3\" data-element_type=\"widget\" data-e-type=\"widget\" data-widget_type=\"spacer.default\">\n\t\t\t\t<div class=\"elementor-widget-container\">\n\t\t\t\t\t\t\t<div class=\"elementor-spacer\">\n\t\t\t<div class=\"elementor-spacer-inner\"><\/div>\n\t\t<\/div>\n\t\t\t\t\t\t<\/div>\n\t\t\t\t<\/div>\n\t\t\t\t\t<\/div>\n\t\t<\/div>\n\t\t\t\t\t<\/div>\n\t\t<\/section>\n\t\t\t\t<section class=\"elementor-section elementor-top-section elementor-element elementor-element-4de21aa elementor-section-boxed elementor-section-height-default elementor-section-height-default\" data-id=\"4de21aa\" data-element_type=\"section\" data-e-type=\"section\">\n\t\t\t\t\t\t<div class=\"elementor-container elementor-column-gap-default\">\n\t\t\t\t\t<div class=\"elementor-column elementor-col-100 elementor-top-column elementor-element elementor-element-39ed6eb\" data-id=\"39ed6eb\" data-element_type=\"column\" data-e-type=\"column\">\n\t\t\t<div class=\"elementor-widget-wrap elementor-element-populated\">\n\t\t\t\t\t\t<div class=\"elementor-element elementor-element-de7d3e4 elementor-widget elementor-widget-html\" data-id=\"de7d3e4\" data-element_type=\"widget\" data-e-type=\"widget\" data-widget_type=\"html.default\">\n\t\t\t\t<div class=\"elementor-widget-container\">\n\t\t\t\t\t<div class=\"container\">\n        <h2>The Organizing Company<\/h2>\n        <p>Le Sofitel Luxembourg Le Grand-Ducal correspondant \u00e0 la d\u00e9nomination social Anama Copropri\u00e9t\u00e9 FR au capital social de 12'000,00 \u20ac, TVA intracommunautaire LU33548948 dont le si\u00e8ge social est situ\u00e9 6, rue du Fort Niedergr\u00fcnewald, L-2226 Luxembourg immatricul\u00e9e au Registre du Commerce sous le num\u00e9ro B262204.<\/p>\n        <p>Organise du 13 avril 2026 au 29 mai 2026 le jeu-concours L'Image 2026.<\/p>\n        <p>Objectif : offrir la possibilit\u00e9 aux internautes de s'inscrire au jeu-concours \u00ab L'Image 2026 \u00bb afin qu'il(elle) soit s\u00e9lectionn\u00e9(e) pour participer aux pr\u00e9-s\u00e9lections et \u00e0 la finale le 29 mai 2026 le cas \u00e9ch\u00e9ant.<\/p>\n\n        <h2>Article 2: Scope of Application<\/h2>\n        <p>This free-to-enter and no purchase necessary contest is open to any natural person who wishes to participate and resides in Luxembourg, except for employees of Sofitel Luxembourg Le Grand Ducal, as well as their family members (ascendants, descendants, and direct collateral), their spouses, and members of partner companies, as well as their families.<\/p>\n\n        <h2>Article 3: Contest Mechanism<\/h2>\n        <h3>3.1 Participation<\/h3>\n        <p>Les inscriptions sont ouvertes du <strong>13 avril<\/strong> au <strong>3 mai 2026<\/strong>. Pour participer, les internautes devront s'inscrire en remplissant les champs du formulaire suivant:<\/p>\n        <ul>\n            <li>First name<\/li>\n            <li>Last name<\/li>\n            <li>Birthday<\/li>\n            <li>Gender<\/li>\n            <li>Height (cm)<\/li>\n            <li>City<\/li>\n            <li>Profession<\/li>\n            <li>Email address<\/li>\n            <li>Phone number<\/li>\n            <li>Instagram account<\/li>\n            <li>Portrait photo<\/li>\n            <li>Full-length photo<\/li>\n            <li>Selfie photo<\/li>\n            <li>Measurements<\/li>\n            <li>Message<\/li>\n            <li>J'accepte les termes et conditions<\/li>\n            <li>J'accepte la politique de confidentialit\u00e9<\/li>\n        <\/ul>\n        <h3>3.2 Validation of the application<\/h3>\n        <p>Une fois le formulaire compl\u00e9t\u00e9, Sofitel Luxembourg Le Grand Ducal, qui se r\u00e9serve un droit de mod\u00e9ration, validera ou non la candidature de l'inscrit.<\/p>\n        <h3>3.3 Gallery of participants<\/h3>\n        <p>Une fois que Sofitel Luxembourg Le Grand Ducal aura valid\u00e9 la candidature, la photo de la personne inscrite appara\u00eetra dans la galerie des participants de l'\u00e9dition 2026 de L'IMAGE sur:<\/p>\n        <ul>\n            <li><a href=\"https:\/\/limage.lu\/en\/\">https:\/\/limage.lu<\/a><\/li>\n            <li><a href=\"https:\/\/www.instagram.com\/sofitelgrandducal\/\" target=\"_blank\" rel=\"noopener\">https:\/\/www.instagram.com\/sofitelgrandducal\/<\/a><\/li>\n            <li><a href=\"https:\/\/www.facebook.com\/SofitelLuxembourgGrandDucal\/\" target=\"_blank\" rel=\"noopener\">https:\/\/www.facebook.com\/SofitelLuxembourgGrandDucal\/<\/a><\/li>\n        <\/ul>\n\n        <h3>3.4 Designation of winners<\/h3>\n        <p>Les castings auront lieu les <strong>11, 12 et 13 mai 2026<\/strong>. A la fin dudit concours, Sofitel Luxembourg Le Grand Ducal d\u00e9signera les vainqueurs parmi les finalistes lors de la soir\u00e9e finale du <strong>29 mai 2026<\/strong>.<\/p>\n        <p>Any registration that is incomplete, fraudulent, and\/or non-compliant with these rules, and\/or containing inaccurate information cannot be taken into account and will result in the nullity of the participation. Any participant thus disqualified will not be entitled to any prize.<\/p>\n        <p>The uploaded photos must not be obscene, offensive, or pornographic, and must not infringe on the rights of third parties. Additionally, the uploaded photos must not contain images or information of third parties other than the registered person.<\/p>\n        <p>Sofitel Luxembourg Le Grand Ducal reserves the right to re-offer the prize that has been unduly awarded.<\/p>\n        <p>En cas de litige, un justificatif d'identit\u00e9 peut \u00eatre demand\u00e9. Les participants autorisent toute v\u00e9rification utile concernant leur identit\u00e9. Toute fausse d\u00e9claration entra\u00eene automatiquement l'\u00e9limination du gagnant.<\/p>\n\n        <h2>Article 4<\/h2>\n        <h3>4.1 Participation Conditions:<\/h3>\n        <p>The contest is open to anyone who wishes to participate.<\/p>\n        <p>Candidates must meet the following conditions:<\/p>\n        <ul>\n        <li>avoir entre 18 et 32 ans \u00e0 la date d'inscription<\/li>\n        <\/ul>\n        <p>If these conditions are not met, the participation will be refused by Sofitel Luxembourg Le Grand Ducal.<\/p>\n        <p>De par leur participation au jeu-concours, les participants acceptent express\u00e9ment de c\u00e9der gracieusement, \u00e0 titre non exclusif, leurs droits \u00e0 l'image dans le cadre des films\/photographies fourni(e)s lors du jeu-concours digital et pr\u00e9sentiel et pris(es) lors des diff\u00e9rentes \u00e9tapes du concours \u00ab L'Image 2026 \u00bb organis\u00e9 par le Sofitel Luxembourg Le Grand Ducal. Tous droits de propri\u00e9t\u00e9 intellectuelle, \u00e0 savoir tous droits patrimoniaux (droits de reproduction et droits de repr\u00e9sentation) et ce jusqu'\u00e0 la Finale, le cas \u00e9ch\u00e9ant, pour une utilisation sur tous les supports de Sofitel Luxembourg Le Grand Ducal et\/ou toute entit\u00e9 express\u00e9ment autoris\u00e9e par elle et\/ou ses partenaires, et ce pendant une dur\u00e9e de 20 ans \u00e0 compter de la premi\u00e8re diffusion et limit\u00e9 \u00e0 la publicit\u00e9, promotion du concours \u00ab L'Image 2026 \u00bb organis\u00e9 par Sofitel Luxembourg Le Grand Ducal.<\/p>\n        <p>Dans le cas o\u00f9 ils seraient gagnants, les participants s'engagent \u00e0 signer le contrat de participation au concours \u00ab L'Image 2026 \u00bb du Sofitel Luxembourg Le Grand Ducal qui leur sera envoy\u00e9 par email.<\/p>\n        <p>Les gagnants s'engagent \u00e0 signer le contrat de partenariat commercial et de repr\u00e9sentation du Sofitel Luxembourg Le Grand Ducal qui leur sera envoy\u00e9 par email.<\/p>\n        <h3>4.2 Determination of winners<\/h3>\n        <p>A jury composed of several persons from Sofitel Luxembourg Le Grand Ducal and its partners will select the winners according to criteria left to their sole discretion. Photogenicity, natural beauty, and charisma of the participants will notably be given special attention.<\/p>\n        <p>The jury is sovereign in its choices, which will be at its sole discretion. Its decisions will be final.<\/p>\n\n        <h2>ARTICLE 5<\/h2>\n        <h3>Prizes offered<\/h3>\n        <p>The winners designated by Sofitel Luxembourg Le Grand Ducal will be invited to a stay in Europe on dates of their choice.<\/p>\n        <ul>\n        <li>A \u20ac500 Luxair voucher<\/li>\n        <li>5-star accommodation for 2 nights in a double room at Sofitel Lisbon with breakfast included<\/li>\n        <li>Estimated value: around 1,500 \u20ac including taxes.<\/li>\n        <\/ul>\n        <p>Si dans un d\u00e9lai de 72 heures apr\u00e8s la premi\u00e8re tentative de contact, le gagnant du concours ne se manifeste pas, Sofitel Luxembourg Le Grand Ducal se r\u00e9serve le droit de le d\u00e9choir de son lot et de l'attribuer \u00e0 un autre participant retenu comme suppl\u00e9ant.<\/p>\n        <p>La participation au jeu est strictement personnelle. Sofitel Luxembourg Le Grand Ducal se r\u00e9serve le droit de proc\u00e9der \u00e0 tous les contr\u00f4les qu'elle estimerait opportuns. Les lots seront accept\u00e9s tels qu'ils sont annonc\u00e9s et ne peuvent donner lieu \u00e0 aucune contestation ou r\u00e9clamation d'aucune sorte, ni \u00eatre \u00e9chang\u00e9s pour quelque raison que ce soit, ni faire l'objet d'un versement de leur valeur en esp\u00e8ces \u00e0 la demande des gagnants. Il est pr\u00e9cis\u00e9 que Sofitel Luxembourg Le Grand Ducal ne fournira aucune prestation ni garantie, le gain consistant uniquement en la remise du lot pr\u00e9vu ci-dessus.<\/p>\n        <p>Sofitel Luxembourg Le Grand Ducal will not substitute the seller or original provider of these prizes; consequently, the winners agree not to hold Sofitel Luxembourg Le Grand Ducal liable for the prizes, including their condition, quality, or any consequences resulting from the possession or use of the prize(s).<\/p>\n        <p>Sofitel Luxembourg Le Grand Ducal ne saurait \u00eatre tenu pour responsable de l'utilisation, voire n\u00e9goce des lots, fait par les gagnants.<\/p>\n\n        <h2>ARTICLE 6: AUDIT AND RESERVATIONS<\/h2>\n        <p><h3>6.1<\/h3> Tout formulaire d'inscription qui n'aura pas \u00e9t\u00e9 valid\u00e9 par le participant sera consid\u00e9r\u00e9 comme nul et ne sera pas pris en consid\u00e9ration.\n            Sofitel Luxembourg Le Grand Ducal se r\u00e9serve le droit d'exclure, \u00e0 titre temporaire ou d\u00e9finitif, tout participant qui, par son comportement, nuirait au bon d\u00e9roulement du Jeu. La participation \u00e0 ce jeu implique l'acceptation du pr\u00e9sent r\u00e8glement.<\/p>\n        <p><h3>6.2<\/h3> Sofitel Luxembourg Le Grand Ducal reserves the right, in particular in the event of force majeure, to shorten, extend, suspend, modify or cancel the present game. These changes will be communicated by all appropriate means.<\/p>\n        <p><h3>6.3<\/h3> En cas d'incident technique emp\u00eachant le participant de participer ou alt\u00e9rant les informations transmises par le participant, et cela pour quelque raison que ce soit, Sofitel Luxembourg Le Grand Ducal et ses partenaires ne pourront \u00eatre tenus responsables du pr\u00e9judice qui en d\u00e9coulerait pour les participants.\n            La responsabilit\u00e9 de Sofitel Luxembourg Le Grand Ducal ne saurait \u00eatre engag\u00e9e du fait d'un dysfonctionnement du service postal et du r\u00e9seau internet.<\/p>\n        <p><h3>6.4<\/h3> Informations g\u00e9n\u00e9rales\n            Le r\u00e8glement complet pourra \u00eatre obtenu \u00e0 titre gratuit (remboursement de timbre au tarif lent de la poste en vigueur) en \u00e9crivant \u00e0 :\n            SOFITEL LUXEMBOURG LE GRAND DUCAL - \"L'Image 2026\"\n            40 Boulevard d'Avranches - L-1160 Luxembourg\n            Il sera \u00e9galement disponible par un lien hypertexte sur :\n            <a href=\"https:\/\/limage.lu\/en\/conditions-generales\/\">https:\/\/limage.lu\/conditions-generales\/<\/a>\n            Any dispute that may arise regarding the interpretation of this regulation shall be expressly submitted to the sovereign judgment of the competent Courts of Luxembourg.<\/p>\n            <h3>6.5 Reservation regarding the use of the names of the winners:<\/h3>\n            <p>The winners graciously authorize the mention of their names, first names as well as the publication of their photograph for information or promotional purposes for any exploitation related to this contest and\/or its results on the site.<\/p>\n            <ul>\n                <li><a href=\"https:\/\/limage.lu\/en\/\">https:\/\/limage.lu<\/a><\/li>\n                <li><a href=\"https:\/\/www.instagram.com\/sofitelgrandducal\/\" target=\"_blank\" rel=\"noopener\">https:\/\/www.instagram.com\/sofitelgrandducal\/<\/a><\/li>\n                <li><a href=\"https:\/\/www.facebook.com\/SofitelLuxembourgGrandDucal\/\" target=\"_blank\" rel=\"noopener\">https:\/\/www.facebook.com\/SofitelLuxembourgGrandDucal\/<\/a><\/li>\n            <\/ul>\n            <p>Les informations ci-dessus sont indispensables au traitement des participations par Sofitel Luxembourg Le Grand Ducal. A d\u00e9faut, les participations ne pourront \u00eatre prises en compte. Ces informations sont communiqu\u00e9es aux prestataires les traitant ainsi qu'aux partenaires commerciaux de Sofitel Luxembourg Le Grand Ducal.<\/p>\n            <h3>6.6 Personal data :<\/h3>\n            <p>Sous r\u00e9serve de leur consentement explicite, les participants pourront \u00e9galement recevoir des offres des partenaires de Sofitel Luxembourg Le Grand Ducal susceptibles de les int\u00e9resser. Les participants reconnaissent avoir connaissance de la d\u00e9tention et du stockage d'informations personnelles le concernant par Sofitel Luxembourg Le Grand Ducal. Ce stockage de donn\u00e9es lui est parfaitement accessible et a \u00e9t\u00e9 fait \u00e0 sa connaissance en respect des dispositions de la loi du 02 ao\u00fbt 2002 relative \u00e0 la protection des donn\u00e9es \u00e0 caract\u00e8re personnel.<\/p>\n<\/div>\n\t\t\t\t<\/div>\n\t\t\t\t<\/div>\n\t\t\t\t\t<\/div>\n\t\t<\/div>\n\t\t\t\t\t<\/div>\n\t\t<\/section>\n\t\t\t\t<\/div>","protected":false},"excerpt":{"rendered":"<p>R\u00e9glements &amp; conditions Article 1: La Soci\u00e9t\u00e9 Organisatrice Le Sofitel Luxembourg Le Grand-Ducal correspondant \u00e0 la d\u00e9nomination social Anama Copropri\u00e9t\u00e9 FR au capital social de 12&rsquo;000,00 \u20ac, TVA intracommunautaire LU33548948 dont le si\u00e8ge social est situ\u00e9 6, rue du Fort Niedergr\u00fcnewald, L-2226 Luxembourg immatricul\u00e9e au Registre du Commerce sous le num\u00e9ro B262204. Organise du 13 [&hellip;]<\/p>\n","protected":false},"author":1,"featured_media":0,"parent":0,"menu_order":0,"comment_status":"closed","ping_status":"closed","template":"","meta":{"site-sidebar-layout":"default","site-content-layout":"default","ast-site-content-layout":"","site-content-style":"default","site-sidebar-style":"default","ast-global-header-display":"","ast-banner-title-visibility":"","ast-main-header-display":"","ast-hfb-above-header-display":"","ast-hfb-below-header-display":"","ast-hfb-mobile-header-display":"","site-post-title":"disabled","ast-breadcrumbs-content":"","ast-featured-img":"disabled","footer-sml-layout":"","theme-transparent-header-meta":"","adv-header-id-meta":"","stick-header-meta":"","header-above-stick-meta":"","header-main-stick-meta":"","header-below-stick-meta":"","astra-migrate-meta-layouts":"default","ast-page-background-enabled":"default","ast-page-background-meta":{"desktop":{"background-color":"","background-image":"","background-repeat":"repeat","background-position":"center center","background-size":"auto","background-attachment":"scroll","background-type":"","background-media":"","overlay-type":"","overlay-color":"","overlay-opacity":"","overlay-gradient":""},"tablet":{"background-color":"","background-image":"","background-repeat":"repeat","background-position":"center center","background-size":"auto","background-attachment":"scroll","background-type":"","background-media":"","overlay-type":"","overlay-color":"","overlay-opacity":"","overlay-gradient":""},"mobile":{"background-color":"","background-image":"","background-repeat":"repeat","background-position":"center center","background-size":"auto","background-attachment":"scroll","background-type":"","background-media":"","overlay-type":"","overlay-color":"","overlay-opacity":"","overlay-gradient":""}},"ast-content-background-meta":{"desktop":{"background-color":"var(--ast-global-color-5)","background-image":"","background-repeat":"repeat","background-position":"center center","background-size":"auto","background-attachment":"scroll","background-type":"","background-media":"","overlay-type":"","overlay-color":"","overlay-opacity":"","overlay-gradient":""},"tablet":{"background-color":"var(--ast-global-color-5)","background-image":"","background-repeat":"repeat","background-position":"center center","background-size":"auto","background-attachment":"scroll","background-type":"","background-media":"","overlay-type":"","overlay-color":"","overlay-opacity":"","overlay-gradient":""},"mobile":{"background-color":"var(--ast-global-color-5)","background-image":"","background-repeat":"repeat","background-position":"center center","background-size":"auto","background-attachment":"scroll","background-type":"","background-media":"","overlay-type":"","overlay-color":"","overlay-opacity":"","overlay-gradient":""}},"footnotes":""},"class_list":["post-1429","page","type-page","status-publish","hentry"],"_links":{"self":[{"href":"https:\/\/limage.lu\/en\/wp-json\/wp\/v2\/pages\/1429","targetHints":{"allow":["GET"]}}],"collection":[{"href":"https:\/\/limage.lu\/en\/wp-json\/wp\/v2\/pages"}],"about":[{"href":"https:\/\/limage.lu\/en\/wp-json\/wp\/v2\/types\/page"}],"author":[{"embeddable":true,"href":"https:\/\/limage.lu\/en\/wp-json\/wp\/v2\/users\/1"}],"replies":[{"embeddable":true,"href":"https:\/\/limage.lu\/en\/wp-json\/wp\/v2\/comments?post=1429"}],"version-history":[{"count":100,"href":"https:\/\/limage.lu\/en\/wp-json\/wp\/v2\/pages\/1429\/revisions"}],"predecessor-version":[{"id":3390,"href":"https:\/\/limage.lu\/en\/wp-json\/wp\/v2\/pages\/1429\/revisions\/3390"}],"wp:attachment":[{"href":"https:\/\/limage.lu\/en\/wp-json\/wp\/v2\/media?parent=1429"}],"curies":[{"name":"wp","href":"https:\/\/api.w.org\/{rel}","templated":true}]}}