{"id":335,"date":"2017-02-09T13:49:53","date_gmt":"2017-02-09T12:49:53","guid":{"rendered":"http:\/\/limage.lu\/?page_id=335"},"modified":"2023-03-06T14:38:23","modified_gmt":"2023-03-06T13:38:23","slug":"les-finalistes","status":"publish","type":"page","link":"https:\/\/limage.lu\/en\/les-finalistes\/","title":{"rendered":"2017 Finalists"},"content":{"rendered":"<div data-elementor-type=\"wp-page\" data-elementor-id=\"335\" class=\"elementor elementor-335\">\n\t\t\t\t\t\t<section class=\"elementor-section elementor-top-section elementor-element elementor-element-ee20e0f elementor-section-boxed elementor-section-height-default elementor-section-height-default\" data-id=\"ee20e0f\" data-element_type=\"section\" data-e-type=\"section\">\n\t\t\t\t\t\t<div class=\"elementor-container elementor-column-gap-default\">\n\t\t\t\t\t<div class=\"elementor-column elementor-col-100 elementor-top-column elementor-element elementor-element-b0bdf05\" data-id=\"b0bdf05\" data-element_type=\"column\" data-e-type=\"column\">\n\t\t\t<div class=\"elementor-widget-wrap elementor-element-populated\">\n\t\t\t\t\t\t<div class=\"elementor-element elementor-element-6494d37 elementor-widget elementor-widget-heading\" data-id=\"6494d37\" data-element_type=\"widget\" data-e-type=\"widget\" data-widget_type=\"heading.default\">\n\t\t\t\t<div class=\"elementor-widget-container\">\n\t\t\t\t\t<h1 class=\"elementor-heading-title elementor-size-default\">2017 Finalists<\/h1>\t\t\t\t<\/div>\n\t\t\t\t<\/div>\n\t\t\t\t\t<\/div>\n\t\t<\/div>\n\t\t\t\t\t<\/div>\n\t\t<\/section>\n\t\t\t\t<section class=\"elementor-section elementor-top-section elementor-element elementor-element-c14fefd elementor-section-boxed elementor-section-height-default elementor-section-height-default\" data-id=\"c14fefd\" data-element_type=\"section\" data-e-type=\"section\">\n\t\t\t\t\t\t<div class=\"elementor-container elementor-column-gap-default\">\n\t\t\t\t\t<div class=\"elementor-column elementor-col-100 elementor-top-column elementor-element elementor-element-a85ce51\" data-id=\"a85ce51\" data-element_type=\"column\" data-e-type=\"column\">\n\t\t\t<div class=\"elementor-widget-wrap elementor-element-populated\">\n\t\t\t\t\t\t<div class=\"elementor-element elementor-element-9299369 elementor-widget elementor-widget-text-editor\" data-id=\"9299369\" data-element_type=\"widget\" data-e-type=\"widget\" data-widget_type=\"text-editor.default\">\n\t\t\t\t<div class=\"elementor-widget-container\">\n\t\t\t\t\t\t\t\t\t<p>You can vote for your favorite candidate on <a href=\"https:\/\/www.facebook.com\/201677826550727\/photos\/?tab=album&amp;album_id=1701422979909530\" target=\"_blank\" rel=\"noopener noreferrer\">the Facebook album of Sofitel Luxembourg Le Grand Ducal<\/a>, 50% of the final grade is awarded by your choice.<\/p>\t\t\t\t\t\t\t\t<\/div>\n\t\t\t\t<\/div>\n\t\t\t\t\t<\/div>\n\t\t<\/div>\n\t\t\t\t\t<\/div>\n\t\t<\/section>\n\t\t\t\t<section class=\"elementor-section elementor-top-section elementor-element elementor-element-29ba4a0 elementor-section-boxed elementor-section-height-default elementor-section-height-default\" data-id=\"29ba4a0\" data-element_type=\"section\" data-e-type=\"section\">\n\t\t\t\t\t\t<div class=\"elementor-container elementor-column-gap-default\">\n\t\t\t\t\t<div class=\"elementor-column elementor-col-50 elementor-top-column elementor-element elementor-element-67ccc4f\" data-id=\"67ccc4f\" data-element_type=\"column\" data-e-type=\"column\">\n\t\t\t<div class=\"elementor-widget-wrap elementor-element-populated\">\n\t\t\t\t\t\t<div class=\"elementor-element elementor-element-ceb8e2a elementor-widget elementor-widget-text-editor\" data-id=\"ceb8e2a\" data-element_type=\"widget\" data-e-type=\"widget\" data-widget_type=\"text-editor.default\">\n\t\t\t\t<div class=\"elementor-widget-container\">\n\t\t\t\t\t\t\t\t\t<h3>No\u00e9mie G.<br \/><a href=\"https:\/\/www.facebook.com\/SofitelLuxembourgGrandDucal\/photos\/a.1347161395335692.1073741851.201677826550727\/1347162608668904\/?type=3&amp;theater\" target=\"_blank\" rel=\"noopener\"><img decoding=\"async\" class=\"aligncenter size-full wp-image-354\" src=\"http:\/\/limage.lu\/wp-content\/uploads\/2017\/02\/301-No\u00e9mie_ws.jpg\" alt=\"\" width=\"100%\" srcset=\"https:\/\/limage.lu\/wp-content\/uploads\/2017\/02\/301-No\u00e9mie_ws.jpg 900w, https:\/\/limage.lu\/wp-content\/uploads\/2017\/02\/301-No\u00e9mie_ws-150x150.jpg 150w, https:\/\/limage.lu\/wp-content\/uploads\/2017\/02\/301-No\u00e9mie_ws-300x300.jpg 300w, https:\/\/limage.lu\/wp-content\/uploads\/2017\/02\/301-No\u00e9mie_ws-768x768.jpg 768w\" sizes=\"(max-width: 900px) 100vw, 900px\" \/><\/a><a href=\"https:\/\/www.facebook.com\/SofitelLuxembourgGrandDucal\/photos\/a.1347161395335692.1073741851.201677826550727\/1347161485335683\/?type=3&amp;theater\" target=\"_blank\" rel=\"noopener\"><br \/><\/a>Lisa-Marie S.<br \/><a href=\"https:\/\/www.facebook.com\/SofitelLuxembourgGrandDucal\/photos\/a.1347161395335692.1073741851.201677826550727\/1347161565335675\/?type=3&amp;theater\" target=\"_blank\" rel=\"noopener\"><img decoding=\"async\" class=\"aligncenter size-full wp-image-357\" src=\"http:\/\/limage.lu\/wp-content\/uploads\/2017\/02\/307-LisaMarie_ws.jpg\" alt=\"\" width=\"100%\" srcset=\"https:\/\/limage.lu\/wp-content\/uploads\/2017\/02\/307-LisaMarie_ws.jpg 900w, https:\/\/limage.lu\/wp-content\/uploads\/2017\/02\/307-LisaMarie_ws-150x150.jpg 150w, https:\/\/limage.lu\/wp-content\/uploads\/2017\/02\/307-LisaMarie_ws-300x300.jpg 300w, https:\/\/limage.lu\/wp-content\/uploads\/2017\/02\/307-LisaMarie_ws-768x768.jpg 768w\" sizes=\"(max-width: 900px) 100vw, 900px\" \/><\/a><br \/>Camille G.<br \/><a href=\"https:\/\/www.facebook.com\/SofitelLuxembourgGrandDucal\/photos\/a.1347161395335692.1073741851.201677826550727\/1347161492002349\/?type=3&amp;theater\" target=\"_blank\" rel=\"noopener\"><img decoding=\"async\" class=\"aligncenter size-full wp-image-358\" src=\"http:\/\/limage.lu\/wp-content\/uploads\/2017\/02\/309-Camille_ws.jpg\" alt=\"\" width=\"100%\" srcset=\"https:\/\/limage.lu\/wp-content\/uploads\/2017\/02\/309-Camille_ws.jpg 900w, https:\/\/limage.lu\/wp-content\/uploads\/2017\/02\/309-Camille_ws-150x150.jpg 150w, https:\/\/limage.lu\/wp-content\/uploads\/2017\/02\/309-Camille_ws-300x300.jpg 300w, https:\/\/limage.lu\/wp-content\/uploads\/2017\/02\/309-Camille_ws-768x768.jpg 768w\" sizes=\"(max-width: 900px) 100vw, 900px\" \/><\/a><a href=\"https:\/\/www.facebook.com\/SofitelLuxembourgGrandDucal\/photos\/a.1347161395335692.1073741851.201677826550727\/1347161488669016\/?type=3&amp;theater\" target=\"_blank\" rel=\"noopener\"><br \/><\/a>Farid B.<br \/><a href=\"https:\/\/www.facebook.com\/SofitelLuxembourgGrandDucal\/photos\/a.1347161395335692.1073741851.201677826550727\/1347161578669007\/?type=3&amp;theater\" target=\"_blank\" rel=\"noopener\"><img decoding=\"async\" class=\"aligncenter size-full wp-image-361\" src=\"http:\/\/limage.lu\/wp-content\/uploads\/2017\/02\/324-Farid_ws.jpg\" alt=\"\" width=\"100%\" srcset=\"https:\/\/limage.lu\/wp-content\/uploads\/2017\/02\/324-Farid_ws.jpg 900w, https:\/\/limage.lu\/wp-content\/uploads\/2017\/02\/324-Farid_ws-150x150.jpg 150w, https:\/\/limage.lu\/wp-content\/uploads\/2017\/02\/324-Farid_ws-300x300.jpg 300w, https:\/\/limage.lu\/wp-content\/uploads\/2017\/02\/324-Farid_ws-768x768.jpg 768w\" sizes=\"(max-width: 900px) 100vw, 900px\" \/><\/a><br \/>Esmail A.<br \/><a href=\"https:\/\/www.facebook.com\/SofitelLuxembourgGrandDucal\/photos\/a.1347161395335692.1073741851.201677826550727\/1347162515335580\/?type=3&amp;theater\" target=\"_blank\" rel=\"noopener\"><img decoding=\"async\" class=\"aligncenter size-full wp-image-362\" src=\"http:\/\/limage.lu\/wp-content\/uploads\/2017\/02\/325-Ismail_ws.jpg\" alt=\"\" width=\"100%\" srcset=\"https:\/\/limage.lu\/wp-content\/uploads\/2017\/02\/325-Ismail_ws.jpg 900w, https:\/\/limage.lu\/wp-content\/uploads\/2017\/02\/325-Ismail_ws-150x150.jpg 150w, https:\/\/limage.lu\/wp-content\/uploads\/2017\/02\/325-Ismail_ws-300x300.jpg 300w, https:\/\/limage.lu\/wp-content\/uploads\/2017\/02\/325-Ismail_ws-768x768.jpg 768w\" sizes=\"(max-width: 900px) 100vw, 900px\" \/><\/a><a href=\"https:\/\/www.facebook.com\/SofitelLuxembourgGrandDucal\/photos\/a.1347161395335692.1073741851.201677826550727\/1347161628669002\/?type=3&amp;theater\" target=\"_blank\" rel=\"noopener\"><br \/><\/a>C\u00e9line R.<br \/><a href=\"https:\/\/www.facebook.com\/SofitelLuxembourgGrandDucal\/photos\/a.1347161395335692.1073741851.201677826550727\/1347162348668930\/?type=3&amp;theater\" target=\"_blank\" rel=\"noopener\"><img decoding=\"async\" class=\"aligncenter size-full wp-image-365\" src=\"http:\/\/limage.lu\/wp-content\/uploads\/2017\/02\/405-C\u00e9line_ws.jpg\" alt=\"\" width=\"100%\" srcset=\"https:\/\/limage.lu\/wp-content\/uploads\/2017\/02\/405-C\u00e9line_ws.jpg 900w, https:\/\/limage.lu\/wp-content\/uploads\/2017\/02\/405-C\u00e9line_ws-150x150.jpg 150w, https:\/\/limage.lu\/wp-content\/uploads\/2017\/02\/405-C\u00e9line_ws-300x300.jpg 300w, https:\/\/limage.lu\/wp-content\/uploads\/2017\/02\/405-C\u00e9line_ws-768x768.jpg 768w\" sizes=\"(max-width: 900px) 100vw, 900px\" \/><\/a><br \/>Val\u00e9rie H.<br \/><a href=\"https:\/\/www.facebook.com\/SofitelLuxembourgGrandDucal\/photos\/a.1347161395335692.1073741851.201677826550727\/1347162408668924\/?type=3&amp;theater\" target=\"_blank\" rel=\"noopener\"><img decoding=\"async\" class=\"aligncenter size-full wp-image-366\" src=\"http:\/\/limage.lu\/wp-content\/uploads\/2017\/02\/406-Val\u00e9rie_ws.jpg\" alt=\"\" width=\"100%\" srcset=\"https:\/\/limage.lu\/wp-content\/uploads\/2017\/02\/406-Val\u00e9rie_ws.jpg 900w, https:\/\/limage.lu\/wp-content\/uploads\/2017\/02\/406-Val\u00e9rie_ws-150x150.jpg 150w, https:\/\/limage.lu\/wp-content\/uploads\/2017\/02\/406-Val\u00e9rie_ws-300x300.jpg 300w, https:\/\/limage.lu\/wp-content\/uploads\/2017\/02\/406-Val\u00e9rie_ws-768x768.jpg 768w\" sizes=\"(max-width: 900px) 100vw, 900px\" \/><\/a><a href=\"https:\/\/www.facebook.com\/SofitelLuxembourgGrandDucal\/photos\/a.1347161395335692.1073741851.201677826550727\/1347162675335564\/?type=3&amp;theater\" target=\"_blank\" rel=\"noopener\"><br \/><\/a>Benjamin C.<br \/><a href=\"https:\/\/www.facebook.com\/SofitelLuxembourgGrandDucal\/photos\/a.1347161395335692.1073741851.201677826550727\/1347162362002262\/?type=3&amp;theater\" target=\"_blank\" rel=\"noopener\"><img decoding=\"async\" class=\"aligncenter size-full wp-image-369\" src=\"http:\/\/limage.lu\/wp-content\/uploads\/2017\/02\/424-Benjamin_wb.jpg\" alt=\"\" width=\"100%\" srcset=\"https:\/\/limage.lu\/wp-content\/uploads\/2017\/02\/424-Benjamin_wb.jpg 900w, https:\/\/limage.lu\/wp-content\/uploads\/2017\/02\/424-Benjamin_wb-150x150.jpg 150w, https:\/\/limage.lu\/wp-content\/uploads\/2017\/02\/424-Benjamin_wb-300x300.jpg 300w, https:\/\/limage.lu\/wp-content\/uploads\/2017\/02\/424-Benjamin_wb-768x768.jpg 768w\" sizes=\"(max-width: 900px) 100vw, 900px\" \/><\/a><br \/>Damien C.<br \/><a href=\"https:\/\/www.facebook.com\/SofitelLuxembourgGrandDucal\/photos\/a.1347161395335692.1073741851.201677826550727\/1347162558668909\/?type=3&amp;theater\" target=\"_blank\" rel=\"noopener\"><img decoding=\"async\" class=\"aligncenter size-full wp-image-370\" src=\"http:\/\/limage.lu\/wp-content\/uploads\/2017\/02\/Damien_wb.jpg\" alt=\"\" width=\"100%\" srcset=\"https:\/\/limage.lu\/wp-content\/uploads\/2017\/02\/Damien_wb.jpg 900w, https:\/\/limage.lu\/wp-content\/uploads\/2017\/02\/Damien_wb-150x150.jpg 150w, https:\/\/limage.lu\/wp-content\/uploads\/2017\/02\/Damien_wb-300x300.jpg 300w, https:\/\/limage.lu\/wp-content\/uploads\/2017\/02\/Damien_wb-768x768.jpg 768w\" sizes=\"(max-width: 900px) 100vw, 900px\" \/><\/a><\/h3><p>\u00a0<\/p>\t\t\t\t\t\t\t\t<\/div>\n\t\t\t\t<\/div>\n\t\t\t\t\t<\/div>\n\t\t<\/div>\n\t\t\t\t<div class=\"elementor-column elementor-col-50 elementor-top-column elementor-element elementor-element-a5946ac\" data-id=\"a5946ac\" data-element_type=\"column\" data-e-type=\"column\">\n\t\t\t<div class=\"elementor-widget-wrap elementor-element-populated\">\n\t\t\t\t\t\t<div class=\"elementor-element elementor-element-2a9aed5 elementor-widget elementor-widget-text-editor\" data-id=\"2a9aed5\" data-element_type=\"widget\" data-e-type=\"widget\" data-widget_type=\"text-editor.default\">\n\t\t\t\t<div class=\"elementor-widget-container\">\n\t\t\t\t\t\t\t\t\t<h3>Laura C.<br \/><a href=\"https:\/\/www.facebook.com\/SofitelLuxembourgGrandDucal\/photos\/a.1347161395335692.1073741851.201677826550727\/1347161485335683\/?type=3&amp;theater\" target=\"_blank\" rel=\"noopener\"><img decoding=\"async\" class=\"aligncenter size-full wp-image-355\" src=\"http:\/\/limage.lu\/wp-content\/uploads\/2017\/02\/302-Laura_ws.jpg\" alt=\"\" width=\"100%\" srcset=\"https:\/\/limage.lu\/wp-content\/uploads\/2017\/02\/302-Laura_ws.jpg 900w, https:\/\/limage.lu\/wp-content\/uploads\/2017\/02\/302-Laura_ws-150x150.jpg 150w, https:\/\/limage.lu\/wp-content\/uploads\/2017\/02\/302-Laura_ws-300x300.jpg 300w, https:\/\/limage.lu\/wp-content\/uploads\/2017\/02\/302-Laura_ws-768x768.jpg 768w\" sizes=\"(max-width: 900px) 100vw, 900px\" \/><\/a><br \/>Emilie M.<br \/><a href=\"https:\/\/www.facebook.com\/SofitelLuxembourgGrandDucal\/photos\/a.1347161395335692.1073741851.201677826550727\/1347162452002253\/?type=3&amp;theater\" target=\"_blank\" rel=\"noopener\"><img decoding=\"async\" class=\"aligncenter size-full wp-image-356\" src=\"http:\/\/limage.lu\/wp-content\/uploads\/2017\/02\/304-Emilie_ws.jpg\" alt=\"\" width=\"100%\" srcset=\"https:\/\/limage.lu\/wp-content\/uploads\/2017\/02\/304-Emilie_ws.jpg 900w, https:\/\/limage.lu\/wp-content\/uploads\/2017\/02\/304-Emilie_ws-150x150.jpg 150w, https:\/\/limage.lu\/wp-content\/uploads\/2017\/02\/304-Emilie_ws-300x300.jpg 300w, https:\/\/limage.lu\/wp-content\/uploads\/2017\/02\/304-Emilie_ws-768x768.jpg 768w\" sizes=\"(max-width: 900px) 100vw, 900px\" \/><\/a><a href=\"https:\/\/www.facebook.com\/SofitelLuxembourgGrandDucal\/photos\/a.1347161395335692.1073741851.201677826550727\/1347161565335675\/?type=3&amp;theater\" target=\"_blank\" rel=\"noopener\"><br \/><\/a>Nicolas T.<br \/><a href=\"https:\/\/www.facebook.com\/SofitelLuxembourgGrandDucal\/photos\/a.1347161395335692.1073741851.201677826550727\/1347161488669016\/?type=3&amp;theater\" target=\"_blank\" rel=\"noopener\"><img decoding=\"async\" class=\"aligncenter size-full wp-image-359\" src=\"http:\/\/limage.lu\/wp-content\/uploads\/2017\/02\/322-Nicolas_ws.jpg\" alt=\"\" width=\"100%\" srcset=\"https:\/\/limage.lu\/wp-content\/uploads\/2017\/02\/322-Nicolas_ws.jpg 900w, https:\/\/limage.lu\/wp-content\/uploads\/2017\/02\/322-Nicolas_ws-150x150.jpg 150w, https:\/\/limage.lu\/wp-content\/uploads\/2017\/02\/322-Nicolas_ws-300x300.jpg 300w, https:\/\/limage.lu\/wp-content\/uploads\/2017\/02\/322-Nicolas_ws-768x768.jpg 768w\" sizes=\"(max-width: 900px) 100vw, 900px\" \/><\/a><br \/>David O.<br \/><a href=\"https:\/\/www.facebook.com\/SofitelLuxembourgGrandDucal\/photos\/a.1347161395335692.1073741851.201677826550727\/1347161558669009\/?type=3&amp;theater\" target=\"_blank\" rel=\"noopener\"><img decoding=\"async\" class=\"aligncenter size-full wp-image-360\" src=\"http:\/\/limage.lu\/wp-content\/uploads\/2017\/02\/323-David_ws.jpg\" alt=\"\" width=\"100%\" srcset=\"https:\/\/limage.lu\/wp-content\/uploads\/2017\/02\/323-David_ws.jpg 900w, https:\/\/limage.lu\/wp-content\/uploads\/2017\/02\/323-David_ws-150x150.jpg 150w, https:\/\/limage.lu\/wp-content\/uploads\/2017\/02\/323-David_ws-300x300.jpg 300w, https:\/\/limage.lu\/wp-content\/uploads\/2017\/02\/323-David_ws-768x768.jpg 768w\" sizes=\"(max-width: 900px) 100vw, 900px\" \/><\/a><a href=\"https:\/\/www.facebook.com\/SofitelLuxembourgGrandDucal\/photos\/a.1347161395335692.1073741851.201677826550727\/1347161578669007\/?type=3&amp;theater\" target=\"_blank\" rel=\"noopener\"><br \/><\/a>Fr\u00e9d\u00e9ric G.<br \/><a href=\"https:\/\/www.facebook.com\/SofitelLuxembourgGrandDucal\/photos\/a.1347161395335692.1073741851.201677826550727\/1347161628669002\/?type=3&amp;theater\" target=\"_blank\" rel=\"noopener\"><img decoding=\"async\" class=\"aligncenter size-full wp-image-363\" src=\"http:\/\/limage.lu\/wp-content\/uploads\/2017\/02\/326-Fr\u00e9d\u00e9ric_ws.jpg\" alt=\"\" width=\"100%\" srcset=\"https:\/\/limage.lu\/wp-content\/uploads\/2017\/02\/326-Fr\u00e9d\u00e9ric_ws.jpg 900w, https:\/\/limage.lu\/wp-content\/uploads\/2017\/02\/326-Fr\u00e9d\u00e9ric_ws-150x150.jpg 150w, https:\/\/limage.lu\/wp-content\/uploads\/2017\/02\/326-Fr\u00e9d\u00e9ric_ws-300x300.jpg 300w, https:\/\/limage.lu\/wp-content\/uploads\/2017\/02\/326-Fr\u00e9d\u00e9ric_ws-768x768.jpg 768w\" sizes=\"(max-width: 900px) 100vw, 900px\" \/><\/a><br \/>Jennifer R.<br \/><a href=\"https:\/\/www.facebook.com\/SofitelLuxembourgGrandDucal\/photos\/a.1347161395335692.1073741851.201677826550727\/1347162332002265\/?type=3&amp;theater\" target=\"_blank\" rel=\"noopener\"><img decoding=\"async\" class=\"aligncenter size-full wp-image-364\" src=\"http:\/\/limage.lu\/wp-content\/uploads\/2017\/02\/402-Jennifer_ws.jpg\" alt=\"\" width=\"100%\" srcset=\"https:\/\/limage.lu\/wp-content\/uploads\/2017\/02\/402-Jennifer_ws.jpg 900w, https:\/\/limage.lu\/wp-content\/uploads\/2017\/02\/402-Jennifer_ws-150x150.jpg 150w, https:\/\/limage.lu\/wp-content\/uploads\/2017\/02\/402-Jennifer_ws-300x300.jpg 300w, https:\/\/limage.lu\/wp-content\/uploads\/2017\/02\/402-Jennifer_ws-768x768.jpg 768w\" sizes=\"(max-width: 900px) 100vw, 900px\" \/><\/a><a href=\"https:\/\/www.facebook.com\/SofitelLuxembourgGrandDucal\/photos\/a.1347161395335692.1073741851.201677826550727\/1347162348668930\/?type=3&amp;theater\" target=\"_blank\" rel=\"noopener\"><br \/><\/a>Marine L.<br \/><a href=\"https:\/\/www.facebook.com\/SofitelLuxembourgGrandDucal\/photos\/a.1347161395335692.1073741851.201677826550727\/1347162675335564\/?type=3&amp;theater\" target=\"_blank\" rel=\"noopener\"><img decoding=\"async\" class=\"aligncenter size-full wp-image-367\" src=\"http:\/\/limage.lu\/wp-content\/uploads\/2017\/02\/412-Marine_ws.jpg\" alt=\"\" width=\"100%\" srcset=\"https:\/\/limage.lu\/wp-content\/uploads\/2017\/02\/412-Marine_ws.jpg 900w, https:\/\/limage.lu\/wp-content\/uploads\/2017\/02\/412-Marine_ws-150x150.jpg 150w, https:\/\/limage.lu\/wp-content\/uploads\/2017\/02\/412-Marine_ws-300x300.jpg 300w, https:\/\/limage.lu\/wp-content\/uploads\/2017\/02\/412-Marine_ws-768x768.jpg 768w\" sizes=\"(max-width: 900px) 100vw, 900px\" \/><\/a><br \/>Gustavo O.<br \/><img decoding=\"async\" class=\"aligncenter size-full wp-image-368\" src=\"http:\/\/limage.lu\/wp-content\/uploads\/2017\/02\/422-Gustavo_ws.jpg\" alt=\"\" width=\"100%\" srcset=\"https:\/\/limage.lu\/wp-content\/uploads\/2017\/02\/422-Gustavo_ws.jpg 900w, https:\/\/limage.lu\/wp-content\/uploads\/2017\/02\/422-Gustavo_ws-150x150.jpg 150w, https:\/\/limage.lu\/wp-content\/uploads\/2017\/02\/422-Gustavo_ws-300x300.jpg 300w, https:\/\/limage.lu\/wp-content\/uploads\/2017\/02\/422-Gustavo_ws-768x768.jpg 768w\" sizes=\"(max-width: 900px) 100vw, 900px\" \/><\/h3><p>\u00a0<\/p>\t\t\t\t\t\t\t\t<\/div>\n\t\t\t\t<\/div>\n\t\t\t\t\t<\/div>\n\t\t<\/div>\n\t\t\t\t\t<\/div>\n\t\t<\/section>\n\t\t\t\t<section class=\"elementor-section elementor-top-section elementor-element elementor-element-1d929b44 elementor-section-boxed elementor-section-height-default elementor-section-height-default\" data-id=\"1d929b44\" data-element_type=\"section\" data-e-type=\"section\">\n\t\t\t\t\t\t<div class=\"elementor-container elementor-column-gap-default\">\n\t\t\t\t\t<div class=\"elementor-column elementor-col-100 elementor-top-column elementor-element elementor-element-7809f3aa\" data-id=\"7809f3aa\" data-element_type=\"column\" data-e-type=\"column\">\n\t\t\t<div class=\"elementor-widget-wrap\">\n\t\t\t\t\t\t\t<\/div>\n\t\t<\/div>\n\t\t\t\t\t<\/div>\n\t\t<\/section>\n\t\t\t\t<\/div>","protected":false},"excerpt":{"rendered":"<p>Les finalistes 2017 Vous pouvez voter pour votre candidat pr\u00e9f\u00e9r\u00e9 sur l&rsquo;album Facebook du Sofitel Luxembourg Le Grand Ducal, 50% de la note finale est attribu\u00e9e par votre choix. No\u00e9mie G.Lisa-Marie S.Camille G.Farid B.Esmail A.C\u00e9line R.Val\u00e9rie H.Benjamin C.Damien C. \u00a0 Laura C.Emilie M.Nicolas T.David O.Fr\u00e9d\u00e9ric G.Jennifer R.Marine L.Gustavo O. \u00a0<\/p>","protected":false},"author":1,"featured_media":0,"parent":0,"menu_order":0,"comment_status":"closed","ping_status":"closed","template":"","meta":{"site-sidebar-layout":"default","site-content-layout":"","ast-site-content-layout":"","site-content-style":"default","site-sidebar-style":"default","ast-global-header-display":"","ast-banner-title-visibility":"","ast-main-header-display":"","ast-hfb-above-header-display":"","ast-hfb-below-header-display":"","ast-hfb-mobile-header-display":"","site-post-title":"disabled","ast-breadcrumbs-content":"","ast-featured-img":"","footer-sml-layout":"","theme-transparent-header-meta":"","adv-header-id-meta":"","stick-header-meta":"","header-above-stick-meta":"","header-main-stick-meta":"","header-below-stick-meta":"","astra-migrate-meta-layouts":"default","ast-page-background-enabled":"default","ast-page-background-meta":{"desktop":{"background-color":"","background-image":"","background-repeat":"repeat","background-position":"center center","background-size":"auto","background-attachment":"scroll","background-type":"","background-media":"","overlay-type":"","overlay-color":"","overlay-opacity":"","overlay-gradient":""},"tablet":{"background-color":"","background-image":"","background-repeat":"repeat","background-position":"center center","background-size":"auto","background-attachment":"scroll","background-type":"","background-media":"","overlay-type":"","overlay-color":"","overlay-opacity":"","overlay-gradient":""},"mobile":{"background-color":"","background-image":"","background-repeat":"repeat","background-position":"center center","background-size":"auto","background-attachment":"scroll","background-type":"","background-media":"","overlay-type":"","overlay-color":"","overlay-opacity":"","overlay-gradient":""}},"ast-content-background-meta":{"desktop":{"background-color":"var(--ast-global-color-5)","background-image":"","background-repeat":"repeat","background-position":"center center","background-size":"auto","background-attachment":"scroll","background-type":"","background-media":"","overlay-type":"","overlay-color":"","overlay-opacity":"","overlay-gradient":""},"tablet":{"background-color":"var(--ast-global-color-5)","background-image":"","background-repeat":"repeat","background-position":"center center","background-size":"auto","background-attachment":"scroll","background-type":"","background-media":"","overlay-type":"","overlay-color":"","overlay-opacity":"","overlay-gradient":""},"mobile":{"background-color":"var(--ast-global-color-5)","background-image":"","background-repeat":"repeat","background-position":"center center","background-size":"auto","background-attachment":"scroll","background-type":"","background-media":"","overlay-type":"","overlay-color":"","overlay-opacity":"","overlay-gradient":""}},"footnotes":""},"class_list":["post-335","page","type-page","status-publish","hentry"],"_links":{"self":[{"href":"https:\/\/limage.lu\/en\/wp-json\/wp\/v2\/pages\/335","targetHints":{"allow":["GET"]}}],"collection":[{"href":"https:\/\/limage.lu\/en\/wp-json\/wp\/v2\/pages"}],"about":[{"href":"https:\/\/limage.lu\/en\/wp-json\/wp\/v2\/types\/page"}],"author":[{"embeddable":true,"href":"https:\/\/limage.lu\/en\/wp-json\/wp\/v2\/users\/1"}],"replies":[{"embeddable":true,"href":"https:\/\/limage.lu\/en\/wp-json\/wp\/v2\/comments?post=335"}],"version-history":[{"count":29,"href":"https:\/\/limage.lu\/en\/wp-json\/wp\/v2\/pages\/335\/revisions"}],"predecessor-version":[{"id":1226,"href":"https:\/\/limage.lu\/en\/wp-json\/wp\/v2\/pages\/335\/revisions\/1226"}],"wp:attachment":[{"href":"https:\/\/limage.lu\/en\/wp-json\/wp\/v2\/media?parent=335"}],"curies":[{"name":"wp","href":"https:\/\/api.w.org\/{rel}","templated":true}]}}