{"id":455,"date":"2018-01-29T15:59:11","date_gmt":"2018-01-29T14:59:11","guid":{"rendered":"http:\/\/limage.lu\/?page_id=455"},"modified":"2023-03-06T14:37:43","modified_gmt":"2023-03-06T13:37:43","slug":"les-finalistes-2018","status":"publish","type":"page","link":"https:\/\/limage.lu\/en\/les-finalistes-2018\/","title":{"rendered":"2018 Finalists"},"content":{"rendered":"<div data-elementor-type=\"wp-page\" data-elementor-id=\"455\" class=\"elementor elementor-455\">\n\t\t\t\t\t\t<section class=\"elementor-section elementor-top-section elementor-element elementor-element-0f3fc3c elementor-section-boxed elementor-section-height-default elementor-section-height-default\" data-id=\"0f3fc3c\" data-element_type=\"section\" data-e-type=\"section\">\n\t\t\t\t\t\t<div class=\"elementor-container elementor-column-gap-default\">\n\t\t\t\t\t<div class=\"elementor-column elementor-col-100 elementor-top-column elementor-element elementor-element-50bd24e\" data-id=\"50bd24e\" data-element_type=\"column\" data-e-type=\"column\">\n\t\t\t<div class=\"elementor-widget-wrap elementor-element-populated\">\n\t\t\t\t\t\t<div class=\"elementor-element elementor-element-8c11d3b elementor-widget elementor-widget-heading\" data-id=\"8c11d3b\" data-element_type=\"widget\" data-e-type=\"widget\" data-widget_type=\"heading.default\">\n\t\t\t\t<div class=\"elementor-widget-container\">\n\t\t\t\t\t<h1 class=\"elementor-heading-title elementor-size-default\">2018 Finalists<\/h1>\t\t\t\t<\/div>\n\t\t\t\t<\/div>\n\t\t\t\t\t<\/div>\n\t\t<\/div>\n\t\t\t\t\t<\/div>\n\t\t<\/section>\n\t\t\t\t<section class=\"elementor-section elementor-top-section elementor-element elementor-element-bf7fad9 elementor-section-boxed elementor-section-height-default elementor-section-height-default\" data-id=\"bf7fad9\" data-element_type=\"section\" data-e-type=\"section\">\n\t\t\t\t\t\t<div class=\"elementor-container elementor-column-gap-default\">\n\t\t\t\t\t<div class=\"elementor-column elementor-col-100 elementor-top-column elementor-element elementor-element-4182962\" data-id=\"4182962\" data-element_type=\"column\" data-e-type=\"column\">\n\t\t\t<div class=\"elementor-widget-wrap elementor-element-populated\">\n\t\t\t\t\t\t<div class=\"elementor-element elementor-element-29fc54c elementor-widget elementor-widget-text-editor\" data-id=\"29fc54c\" data-element_type=\"widget\" data-e-type=\"widget\" data-widget_type=\"text-editor.default\">\n\t\t\t\t<div class=\"elementor-widget-container\">\n\t\t\t\t\t\t\t\t\t<p>You can vote for your favorite candidate on <a href=\"https:\/\/www.facebook.com\/201677826550727\/photos\/?tab=album&amp;album_id=1701422979909530\" target=\"_blank\" rel=\"noopener noreferrer\">the Facebook album of Sofitel Luxembourg Le Grand Ducal<\/a>, 50% of the final grade is awarded by your choice.<\/p>\t\t\t\t\t\t\t\t<\/div>\n\t\t\t\t<\/div>\n\t\t\t\t\t<\/div>\n\t\t<\/div>\n\t\t\t\t\t<\/div>\n\t\t<\/section>\n\t\t\t\t<section class=\"elementor-section elementor-top-section elementor-element elementor-element-78183ad elementor-section-boxed elementor-section-height-default elementor-section-height-default\" data-id=\"78183ad\" data-element_type=\"section\" data-e-type=\"section\">\n\t\t\t\t\t\t<div class=\"elementor-container elementor-column-gap-default\">\n\t\t\t\t\t<div class=\"elementor-column elementor-col-50 elementor-top-column elementor-element elementor-element-65491fb\" data-id=\"65491fb\" data-element_type=\"column\" data-e-type=\"column\">\n\t\t\t<div class=\"elementor-widget-wrap elementor-element-populated\">\n\t\t\t\t\t\t<div class=\"elementor-element elementor-element-26c71ed5 elementor-widget elementor-widget-text-editor\" data-id=\"26c71ed5\" data-element_type=\"widget\" data-e-type=\"widget\" data-widget_type=\"text-editor.default\">\n\t\t\t\t<div class=\"elementor-widget-container\">\n\t\t\t\t\t\t\t\t\t<h3>Caroline H.<\/h3><p><a href=\"https:\/\/www.facebook.com\/SofitelLuxembourgGrandDucal\/photos\/a.1701422979909530.1073741858.201677826550727\/1701423019909526\/?type=3&amp;theater\" target=\"_blank\" rel=\"noopener noreferrer\"><img decoding=\"async\" class=\"aligncenter size-full wp-image-458\" src=\"http:\/\/limage.lu\/wp-content\/uploads\/2018\/01\/05_6496.jpg\" alt=\"\" width=\"100%\" srcset=\"https:\/\/limage.lu\/wp-content\/uploads\/2018\/01\/05_6496.jpg 1181w, https:\/\/limage.lu\/wp-content\/uploads\/2018\/01\/05_6496-150x150.jpg 150w, https:\/\/limage.lu\/wp-content\/uploads\/2018\/01\/05_6496-300x300.jpg 300w, https:\/\/limage.lu\/wp-content\/uploads\/2018\/01\/05_6496-768x768.jpg 768w, https:\/\/limage.lu\/wp-content\/uploads\/2018\/01\/05_6496-1024x1024.jpg 1024w\" sizes=\"(max-width: 1181px) 100vw, 1181px\" \/><\/a><\/p><h3><span style=\"background-color: var(--ast-global-color-5); color: var(--ast-global-color-2); font-size: 1.375rem; font-style: inherit;\">Evgeniia L.<\/span><\/h3><p><a href=\"https:\/\/www.facebook.com\/SofitelLuxembourgGrandDucal\/photos\/a.1701422979909530.1073741858.201677826550727\/1701423433242818\/?type=3&amp;theater\" target=\"_blank\" rel=\"noopener noreferrer\"><img decoding=\"async\" class=\"aligncenter size-full wp-image-459\" src=\"http:\/\/limage.lu\/wp-content\/uploads\/2018\/01\/07_6654.jpg\" alt=\"\" width=\"100%\" srcset=\"https:\/\/limage.lu\/wp-content\/uploads\/2018\/01\/07_6654.jpg 1181w, https:\/\/limage.lu\/wp-content\/uploads\/2018\/01\/07_6654-150x150.jpg 150w, https:\/\/limage.lu\/wp-content\/uploads\/2018\/01\/07_6654-300x300.jpg 300w, https:\/\/limage.lu\/wp-content\/uploads\/2018\/01\/07_6654-768x768.jpg 768w, https:\/\/limage.lu\/wp-content\/uploads\/2018\/01\/07_6654-1024x1024.jpg 1024w\" sizes=\"(max-width: 1181px) 100vw, 1181px\" \/><\/a><\/p><h3>Gina M.<\/h3><p><a href=\"https:\/\/www.facebook.com\/SofitelLuxembourgGrandDucal\/photos\/a.1701422979909530.1073741858.201677826550727\/1701423076576187\/?type=3&amp;theater\" target=\"_blank\" rel=\"noopener noreferrer\"><img decoding=\"async\" class=\"aligncenter size-full wp-image-468\" src=\"http:\/\/limage.lu\/wp-content\/uploads\/2018\/01\/23_8441.jpg\" alt=\"\" width=\"100%\" srcset=\"https:\/\/limage.lu\/wp-content\/uploads\/2018\/01\/23_8441.jpg 1181w, https:\/\/limage.lu\/wp-content\/uploads\/2018\/01\/23_8441-150x150.jpg 150w, https:\/\/limage.lu\/wp-content\/uploads\/2018\/01\/23_8441-300x300.jpg 300w, https:\/\/limage.lu\/wp-content\/uploads\/2018\/01\/23_8441-768x768.jpg 768w, https:\/\/limage.lu\/wp-content\/uploads\/2018\/01\/23_8441-1024x1024.jpg 1024w\" sizes=\"(max-width: 1181px) 100vw, 1181px\" \/><\/a><\/p><h3><span style=\"color: var(--ast-global-color-2); font-size: 1.375rem; font-style: inherit; background-color: var(--ast-global-color-5);\">Jann M.<\/span><\/h3><p><a href=\"https:\/\/www.facebook.com\/SofitelLuxembourgGrandDucal\/photos\/a.1701422979909530.1073741858.201677826550727\/1701423439909484\/?type=3&amp;theater\" target=\"_blank\" rel=\"noopener noreferrer\"><img decoding=\"async\" class=\"aligncenter size-full wp-image-467\" src=\"http:\/\/limage.lu\/wp-content\/uploads\/2018\/01\/22_8280.jpg\" alt=\"\" width=\"100%\" srcset=\"https:\/\/limage.lu\/wp-content\/uploads\/2018\/01\/22_8280.jpg 1181w, https:\/\/limage.lu\/wp-content\/uploads\/2018\/01\/22_8280-150x150.jpg 150w, https:\/\/limage.lu\/wp-content\/uploads\/2018\/01\/22_8280-300x300.jpg 300w, https:\/\/limage.lu\/wp-content\/uploads\/2018\/01\/22_8280-768x768.jpg 768w, https:\/\/limage.lu\/wp-content\/uploads\/2018\/01\/22_8280-1024x1024.jpg 1024w\" sizes=\"(max-width: 1181px) 100vw, 1181px\" \/><\/a><\/p><h3><span style=\"color: var(--ast-global-color-2); font-size: 1.375rem; font-style: inherit; background-color: var(--ast-global-color-5);\">Maeva M.<\/span><\/h3><p><a href=\"https:\/\/www.facebook.com\/SofitelLuxembourgGrandDucal\/photos\/a.1701422979909530.1073741858.201677826550727\/1701423563242805\/?type=3&amp;theater\" target=\"_blank\" rel=\"noopener noreferrer\"><img decoding=\"async\" class=\"aligncenter size-full wp-image-462\" src=\"http:\/\/limage.lu\/wp-content\/uploads\/2018\/01\/13_7313.jpg\" alt=\"\" width=\"100%\" srcset=\"https:\/\/limage.lu\/wp-content\/uploads\/2018\/01\/13_7313.jpg 1181w, https:\/\/limage.lu\/wp-content\/uploads\/2018\/01\/13_7313-150x150.jpg 150w, https:\/\/limage.lu\/wp-content\/uploads\/2018\/01\/13_7313-300x300.jpg 300w, https:\/\/limage.lu\/wp-content\/uploads\/2018\/01\/13_7313-768x768.jpg 768w, https:\/\/limage.lu\/wp-content\/uploads\/2018\/01\/13_7313-1024x1024.jpg 1024w\" sizes=\"(max-width: 1181px) 100vw, 1181px\" \/><\/a><\/p><h3>Mathieu P.<\/h3><p><a href=\"https:\/\/www.facebook.com\/SofitelLuxembourgGrandDucal\/photos\/a.1701422979909530.1073741858.201677826550727\/1701423453242816\/?type=3&amp;theater\" target=\"_blank\" rel=\"noopener noreferrer\"><img decoding=\"async\" class=\"aligncenter size-full wp-image-473\" src=\"http:\/\/limage.lu\/wp-content\/uploads\/2018\/01\/31_9454.jpg\" alt=\"\" width=\"100%\" srcset=\"https:\/\/limage.lu\/wp-content\/uploads\/2018\/01\/31_9454.jpg 1181w, https:\/\/limage.lu\/wp-content\/uploads\/2018\/01\/31_9454-150x150.jpg 150w, https:\/\/limage.lu\/wp-content\/uploads\/2018\/01\/31_9454-300x300.jpg 300w, https:\/\/limage.lu\/wp-content\/uploads\/2018\/01\/31_9454-768x768.jpg 768w, https:\/\/limage.lu\/wp-content\/uploads\/2018\/01\/31_9454-1024x1024.jpg 1024w\" sizes=\"(max-width: 1181px) 100vw, 1181px\" \/><\/a><\/p><h3><span style=\"color: var(--ast-global-color-2); font-size: 1.375rem; font-style: inherit; background-color: var(--ast-global-color-5);\">Th\u00e9o H.<\/span><\/h3><p><a href=\"https:\/\/www.facebook.com\/SofitelLuxembourgGrandDucal\/photos\/a.1701422979909530.1073741858.201677826550727\/1701423236576171\/?type=3&amp;theater\" target=\"_blank\" rel=\"noopener noreferrer\"><img decoding=\"async\" class=\"aligncenter size-full wp-image-463\" src=\"http:\/\/limage.lu\/wp-content\/uploads\/2018\/01\/14_7482.jpg\" alt=\"\" width=\"100%\" srcset=\"https:\/\/limage.lu\/wp-content\/uploads\/2018\/01\/14_7482.jpg 1181w, https:\/\/limage.lu\/wp-content\/uploads\/2018\/01\/14_7482-150x150.jpg 150w, https:\/\/limage.lu\/wp-content\/uploads\/2018\/01\/14_7482-300x300.jpg 300w, https:\/\/limage.lu\/wp-content\/uploads\/2018\/01\/14_7482-768x768.jpg 768w, https:\/\/limage.lu\/wp-content\/uploads\/2018\/01\/14_7482-1024x1024.jpg 1024w\" sizes=\"(max-width: 1181px) 100vw, 1181px\" \/><\/a><\/p><h3><span style=\"background-color: var(--ast-global-color-5); color: var(--ast-global-color-2); font-size: 1.375rem; font-style: inherit;\">Youri D.<\/span><\/h3><p><a href=\"https:\/\/www.facebook.com\/SofitelLuxembourgGrandDucal\/photos\/a.1701422979909530.1073741858.201677826550727\/1701423329909495\/?type=3&amp;theater\" target=\"_blank\" rel=\"noopener noreferrer\"><img decoding=\"async\" class=\"aligncenter size-full wp-image-461\" src=\"http:\/\/limage.lu\/wp-content\/uploads\/2018\/01\/12_7253.jpg\" alt=\"\" width=\"100%\" srcset=\"https:\/\/limage.lu\/wp-content\/uploads\/2018\/01\/12_7253.jpg 1181w, https:\/\/limage.lu\/wp-content\/uploads\/2018\/01\/12_7253-150x150.jpg 150w, https:\/\/limage.lu\/wp-content\/uploads\/2018\/01\/12_7253-300x300.jpg 300w, https:\/\/limage.lu\/wp-content\/uploads\/2018\/01\/12_7253-768x768.jpg 768w, https:\/\/limage.lu\/wp-content\/uploads\/2018\/01\/12_7253-1024x1024.jpg 1024w\" sizes=\"(max-width: 1181px) 100vw, 1181px\" \/><\/a><\/p>\t\t\t\t\t\t\t\t<\/div>\n\t\t\t\t<\/div>\n\t\t\t\t\t<\/div>\n\t\t<\/div>\n\t\t\t\t<div class=\"elementor-column elementor-col-50 elementor-top-column elementor-element elementor-element-a45dbc7\" data-id=\"a45dbc7\" data-element_type=\"column\" data-e-type=\"column\">\n\t\t\t<div class=\"elementor-widget-wrap elementor-element-populated\">\n\t\t\t\t\t\t<div class=\"elementor-element elementor-element-12e3a38 elementor-widget elementor-widget-text-editor\" data-id=\"12e3a38\" data-element_type=\"widget\" data-e-type=\"widget\" data-widget_type=\"text-editor.default\">\n\t\t\t\t<div class=\"elementor-widget-container\">\n\t\t\t\t\t\t\t\t\t<h3>Danilo R.<\/h3><p><a href=\"https:\/\/www.facebook.com\/SofitelLuxembourgGrandDucal\/photos\/a.1701422979909530.1073741858.201677826550727\/1701423016576193\/?type=3&amp;theater\" target=\"_blank\" rel=\"noopener noreferrer\"><img decoding=\"async\" class=\"aligncenter size-full wp-image-469\" src=\"http:\/\/limage.lu\/wp-content\/uploads\/2018\/01\/24_8607.jpg\" alt=\"\" width=\"100%\" srcset=\"https:\/\/limage.lu\/wp-content\/uploads\/2018\/01\/24_8607.jpg 1181w, https:\/\/limage.lu\/wp-content\/uploads\/2018\/01\/24_8607-150x150.jpg 150w, https:\/\/limage.lu\/wp-content\/uploads\/2018\/01\/24_8607-300x300.jpg 300w, https:\/\/limage.lu\/wp-content\/uploads\/2018\/01\/24_8607-768x768.jpg 768w, https:\/\/limage.lu\/wp-content\/uploads\/2018\/01\/24_8607-1024x1024.jpg 1024w\" sizes=\"(max-width: 1181px) 100vw, 1181px\" \/><\/a><\/p><h3>Elisa U.<\/h3><p><a href=\"https:\/\/www.facebook.com\/SofitelLuxembourgGrandDucal\/photos\/a.1701422979909530.1073741858.201677826550727\/1701423643242797\/?type=3&amp;theater\" target=\"_blank\" rel=\"noopener noreferrer\"><img decoding=\"async\" class=\"aligncenter size-full wp-image-472\" src=\"http:\/\/limage.lu\/wp-content\/uploads\/2018\/01\/29_9129.jpg\" alt=\"\" width=\"100%\" srcset=\"https:\/\/limage.lu\/wp-content\/uploads\/2018\/01\/29_9129.jpg 1181w, https:\/\/limage.lu\/wp-content\/uploads\/2018\/01\/29_9129-150x150.jpg 150w, https:\/\/limage.lu\/wp-content\/uploads\/2018\/01\/29_9129-300x300.jpg 300w, https:\/\/limage.lu\/wp-content\/uploads\/2018\/01\/29_9129-768x768.jpg 768w, https:\/\/limage.lu\/wp-content\/uploads\/2018\/01\/29_9129-1024x1024.jpg 1024w\" sizes=\"(max-width: 1181px) 100vw, 1181px\" \/><\/a><\/p><h3><span style=\"color: var(--ast-global-color-2); font-size: 1.375rem; font-style: inherit; background-color: var(--ast-global-color-5);\">Guillaume G.<\/span><\/h3><p><a href=\"https:\/\/www.facebook.com\/SofitelLuxembourgGrandDucal\/photos\/a.1701422979909530.1073741858.201677826550727\/1701423086576186\/?type=3&amp;theater\" target=\"_blank\" rel=\"noopener noreferrer\"><img decoding=\"async\" class=\"aligncenter size-full wp-image-466\" src=\"http:\/\/limage.lu\/wp-content\/uploads\/2018\/01\/19_8059.jpg\" alt=\"\" width=\"100%\" srcset=\"https:\/\/limage.lu\/wp-content\/uploads\/2018\/01\/19_8059.jpg 1181w, https:\/\/limage.lu\/wp-content\/uploads\/2018\/01\/19_8059-150x150.jpg 150w, https:\/\/limage.lu\/wp-content\/uploads\/2018\/01\/19_8059-300x300.jpg 300w, https:\/\/limage.lu\/wp-content\/uploads\/2018\/01\/19_8059-768x768.jpg 768w, https:\/\/limage.lu\/wp-content\/uploads\/2018\/01\/19_8059-1024x1024.jpg 1024w\" sizes=\"(max-width: 1181px) 100vw, 1181px\" \/><\/a><\/p><h3><span style=\"color: var(--ast-global-color-2); font-size: 1.375rem; font-style: inherit; background-color: var(--ast-global-color-5);\">Jessica M.<\/span><\/h3><p><a href=\"https:\/\/www.facebook.com\/SofitelLuxembourgGrandDucal\/photos\/a.1701422979909530.1073741858.201677826550727\/1701423556576139\/?type=3&amp;theater\" target=\"_blank\" rel=\"noopener noreferrer\"><img decoding=\"async\" class=\"aligncenter size-full wp-image-465\" src=\"http:\/\/limage.lu\/wp-content\/uploads\/2018\/01\/17_7850.jpg\" alt=\"\" width=\"100%\" srcset=\"https:\/\/limage.lu\/wp-content\/uploads\/2018\/01\/17_7850.jpg 1181w, https:\/\/limage.lu\/wp-content\/uploads\/2018\/01\/17_7850-150x150.jpg 150w, https:\/\/limage.lu\/wp-content\/uploads\/2018\/01\/17_7850-300x300.jpg 300w, https:\/\/limage.lu\/wp-content\/uploads\/2018\/01\/17_7850-768x768.jpg 768w, https:\/\/limage.lu\/wp-content\/uploads\/2018\/01\/17_7850-1024x1024.jpg 1024w\" sizes=\"(max-width: 1181px) 100vw, 1181px\" \/><\/a><\/p><h3>Jo\u00ebl M.<\/h3><p><a href=\"https:\/\/www.facebook.com\/SofitelLuxembourgGrandDucal\/photos\/a.1701422979909530.1073741858.201677826550727\/1701423186576176\/?type=3&amp;theater\" target=\"_blank\" rel=\"noopener noreferrer\"><img decoding=\"async\" class=\"aligncenter size-full wp-image-470\" src=\"http:\/\/limage.lu\/wp-content\/uploads\/2018\/01\/27_8889.jpg\" alt=\"\" width=\"100%\" srcset=\"https:\/\/limage.lu\/wp-content\/uploads\/2018\/01\/27_8889.jpg 1181w, https:\/\/limage.lu\/wp-content\/uploads\/2018\/01\/27_8889-150x150.jpg 150w, https:\/\/limage.lu\/wp-content\/uploads\/2018\/01\/27_8889-300x300.jpg 300w, https:\/\/limage.lu\/wp-content\/uploads\/2018\/01\/27_8889-768x768.jpg 768w, https:\/\/limage.lu\/wp-content\/uploads\/2018\/01\/27_8889-1024x1024.jpg 1024w\" sizes=\"(max-width: 1181px) 100vw, 1181px\" \/><\/a><\/p><h3><span style=\"color: var(--ast-global-color-2); font-size: 1.375rem; font-style: inherit; background-color: var(--ast-global-color-5);\">Noura H.<\/span><\/h3><p><a href=\"https:\/\/www.facebook.com\/SofitelLuxembourgGrandDucal\/photos\/a.1701422979909530.1073741858.201677826550727\/1701423546576140\/?type=3&amp;theater\" target=\"_blank\" rel=\"noopener noreferrer\"><img decoding=\"async\" class=\"aligncenter size-full wp-image-456\" src=\"http:\/\/limage.lu\/wp-content\/uploads\/2018\/01\/01_5915.jpg\" alt=\"\" width=\"100%\" srcset=\"https:\/\/limage.lu\/wp-content\/uploads\/2018\/01\/01_5915.jpg 1181w, https:\/\/limage.lu\/wp-content\/uploads\/2018\/01\/01_5915-150x150.jpg 150w, https:\/\/limage.lu\/wp-content\/uploads\/2018\/01\/01_5915-300x300.jpg 300w, https:\/\/limage.lu\/wp-content\/uploads\/2018\/01\/01_5915-768x768.jpg 768w, https:\/\/limage.lu\/wp-content\/uploads\/2018\/01\/01_5915-1024x1024.jpg 1024w\" sizes=\"(max-width: 1181px) 100vw, 1181px\" \/><\/a><\/p><h3><span style=\"color: var(--ast-global-color-2); font-size: 1.375rem; font-style: inherit; background-color: var(--ast-global-color-5);\">Vadim K.<\/span><\/h3><p><a href=\"https:\/\/www.facebook.com\/SofitelLuxembourgGrandDucal\/photos\/a.1701422979909530.1073741858.201677826550727\/1701423313242830\/?type=3&amp;theater\" target=\"_blank\" rel=\"noopener noreferrer\"><img decoding=\"async\" class=\"aligncenter size-full wp-image-471\" src=\"http:\/\/limage.lu\/wp-content\/uploads\/2018\/01\/28_9000.jpg\" alt=\"\" width=\"100%\" srcset=\"https:\/\/limage.lu\/wp-content\/uploads\/2018\/01\/28_9000.jpg 1181w, https:\/\/limage.lu\/wp-content\/uploads\/2018\/01\/28_9000-150x150.jpg 150w, https:\/\/limage.lu\/wp-content\/uploads\/2018\/01\/28_9000-300x300.jpg 300w, https:\/\/limage.lu\/wp-content\/uploads\/2018\/01\/28_9000-768x768.jpg 768w, https:\/\/limage.lu\/wp-content\/uploads\/2018\/01\/28_9000-1024x1024.jpg 1024w\" sizes=\"(max-width: 1181px) 100vw, 1181px\" \/><\/a><\/p><h3>Valentina B.<\/h3><p><img decoding=\"async\" class=\"aligncenter size-full wp-image-460\" src=\"http:\/\/limage.lu\/wp-content\/uploads\/2018\/01\/08_6883.jpg\" alt=\"\" width=\"100%\" srcset=\"https:\/\/limage.lu\/wp-content\/uploads\/2018\/01\/08_6883.jpg 1181w, https:\/\/limage.lu\/wp-content\/uploads\/2018\/01\/08_6883-150x150.jpg 150w, https:\/\/limage.lu\/wp-content\/uploads\/2018\/01\/08_6883-300x300.jpg 300w, https:\/\/limage.lu\/wp-content\/uploads\/2018\/01\/08_6883-768x768.jpg 768w, https:\/\/limage.lu\/wp-content\/uploads\/2018\/01\/08_6883-1024x1024.jpg 1024w\" sizes=\"(max-width: 1181px) 100vw, 1181px\" \/><\/p>\t\t\t\t\t\t\t\t<\/div>\n\t\t\t\t<\/div>\n\t\t\t\t\t<\/div>\n\t\t<\/div>\n\t\t\t\t\t<\/div>\n\t\t<\/section>\n\t\t\t\t<section class=\"elementor-section elementor-top-section elementor-element elementor-element-5dc34a12 elementor-section-boxed elementor-section-height-default elementor-section-height-default\" data-id=\"5dc34a12\" data-element_type=\"section\" data-e-type=\"section\">\n\t\t\t\t\t\t<div class=\"elementor-container elementor-column-gap-default\">\n\t\t\t\t\t<div class=\"elementor-column elementor-col-100 elementor-top-column elementor-element elementor-element-6b94643e\" data-id=\"6b94643e\" data-element_type=\"column\" data-e-type=\"column\">\n\t\t\t<div class=\"elementor-widget-wrap\">\n\t\t\t\t\t\t\t<\/div>\n\t\t<\/div>\n\t\t\t\t\t<\/div>\n\t\t<\/section>\n\t\t\t\t<\/div>","protected":false},"excerpt":{"rendered":"<p>Les finalistes 2018 Vous pouvez voter pour votre candidat pr\u00e9f\u00e9r\u00e9 sur l&rsquo;album Facebook du Sofitel Luxembourg Le Grand Ducal, 50% de la note finale est attribu\u00e9e par votre choix. Caroline H. Evgeniia L. Gina M. Jann M. Maeva M. Mathieu P. Th\u00e9o H. Youri D. Danilo R. Elisa U. Guillaume G. Jessica M. Jo\u00ebl M. [&hellip;]<\/p>\n","protected":false},"author":1,"featured_media":0,"parent":0,"menu_order":0,"comment_status":"closed","ping_status":"closed","template":"","meta":{"site-sidebar-layout":"default","site-content-layout":"","ast-site-content-layout":"","site-content-style":"default","site-sidebar-style":"default","ast-global-header-display":"","ast-banner-title-visibility":"","ast-main-header-display":"","ast-hfb-above-header-display":"","ast-hfb-below-header-display":"","ast-hfb-mobile-header-display":"","site-post-title":"disabled","ast-breadcrumbs-content":"","ast-featured-img":"","footer-sml-layout":"","theme-transparent-header-meta":"","adv-header-id-meta":"","stick-header-meta":"","header-above-stick-meta":"","header-main-stick-meta":"","header-below-stick-meta":"","astra-migrate-meta-layouts":"default","ast-page-background-enabled":"default","ast-page-background-meta":{"desktop":{"background-color":"","background-image":"","background-repeat":"repeat","background-position":"center center","background-size":"auto","background-attachment":"scroll","background-type":"","background-media":"","overlay-type":"","overlay-color":"","overlay-opacity":"","overlay-gradient":""},"tablet":{"background-color":"","background-image":"","background-repeat":"repeat","background-position":"center center","background-size":"auto","background-attachment":"scroll","background-type":"","background-media":"","overlay-type":"","overlay-color":"","overlay-opacity":"","overlay-gradient":""},"mobile":{"background-color":"","background-image":"","background-repeat":"repeat","background-position":"center center","background-size":"auto","background-attachment":"scroll","background-type":"","background-media":"","overlay-type":"","overlay-color":"","overlay-opacity":"","overlay-gradient":""}},"ast-content-background-meta":{"desktop":{"background-color":"var(--ast-global-color-5)","background-image":"","background-repeat":"repeat","background-position":"center center","background-size":"auto","background-attachment":"scroll","background-type":"","background-media":"","overlay-type":"","overlay-color":"","overlay-opacity":"","overlay-gradient":""},"tablet":{"background-color":"var(--ast-global-color-5)","background-image":"","background-repeat":"repeat","background-position":"center center","background-size":"auto","background-attachment":"scroll","background-type":"","background-media":"","overlay-type":"","overlay-color":"","overlay-opacity":"","overlay-gradient":""},"mobile":{"background-color":"var(--ast-global-color-5)","background-image":"","background-repeat":"repeat","background-position":"center center","background-size":"auto","background-attachment":"scroll","background-type":"","background-media":"","overlay-type":"","overlay-color":"","overlay-opacity":"","overlay-gradient":""}},"footnotes":""},"class_list":["post-455","page","type-page","status-publish","hentry"],"_links":{"self":[{"href":"https:\/\/limage.lu\/en\/wp-json\/wp\/v2\/pages\/455","targetHints":{"allow":["GET"]}}],"collection":[{"href":"https:\/\/limage.lu\/en\/wp-json\/wp\/v2\/pages"}],"about":[{"href":"https:\/\/limage.lu\/en\/wp-json\/wp\/v2\/types\/page"}],"author":[{"embeddable":true,"href":"https:\/\/limage.lu\/en\/wp-json\/wp\/v2\/users\/1"}],"replies":[{"embeddable":true,"href":"https:\/\/limage.lu\/en\/wp-json\/wp\/v2\/comments?post=455"}],"version-history":[{"count":12,"href":"https:\/\/limage.lu\/en\/wp-json\/wp\/v2\/pages\/455\/revisions"}],"predecessor-version":[{"id":1223,"href":"https:\/\/limage.lu\/en\/wp-json\/wp\/v2\/pages\/455\/revisions\/1223"}],"wp:attachment":[{"href":"https:\/\/limage.lu\/en\/wp-json\/wp\/v2\/media?parent=455"}],"curies":[{"name":"wp","href":"https:\/\/api.w.org\/{rel}","templated":true}]}}