{"id":489,"date":"2019-01-04T20:03:39","date_gmt":"2019-01-04T19:03:39","guid":{"rendered":"http:\/\/limage.lu\/?page_id=489"},"modified":"2023-03-06T15:11:03","modified_gmt":"2023-03-06T14:11:03","slug":"les-gagnants-2017","status":"publish","type":"page","link":"https:\/\/limage.lu\/en\/les-gagnants-2017\/","title":{"rendered":"2017 Winners"},"content":{"rendered":"<div data-elementor-type=\"wp-page\" data-elementor-id=\"489\" class=\"elementor elementor-489\">\n\t\t\t\t\t\t<section class=\"elementor-section elementor-top-section elementor-element elementor-element-ba90807 elementor-section-boxed elementor-section-height-default elementor-section-height-default\" data-id=\"ba90807\" data-element_type=\"section\" data-e-type=\"section\">\n\t\t\t\t\t\t<div class=\"elementor-container elementor-column-gap-default\">\n\t\t\t\t\t<div class=\"elementor-column elementor-col-100 elementor-top-column elementor-element elementor-element-6c8b431\" data-id=\"6c8b431\" data-element_type=\"column\" data-e-type=\"column\">\n\t\t\t<div class=\"elementor-widget-wrap elementor-element-populated\">\n\t\t\t\t\t\t<div class=\"elementor-element elementor-element-15c033a elementor-widget elementor-widget-heading\" data-id=\"15c033a\" data-element_type=\"widget\" data-e-type=\"widget\" data-widget_type=\"heading.default\">\n\t\t\t\t<div class=\"elementor-widget-container\">\n\t\t\t\t\t<h1 class=\"elementor-heading-title elementor-size-default\">2017 Winners<\/h1>\t\t\t\t<\/div>\n\t\t\t\t<\/div>\n\t\t\t\t\t<\/div>\n\t\t<\/div>\n\t\t\t\t\t<\/div>\n\t\t<\/section>\n\t\t\t\t<section class=\"elementor-section elementor-top-section elementor-element elementor-element-32fe8fd elementor-section-boxed elementor-section-height-default elementor-section-height-default\" data-id=\"32fe8fd\" data-element_type=\"section\" data-e-type=\"section\">\n\t\t\t\t\t\t<div class=\"elementor-container elementor-column-gap-default\">\n\t\t\t\t\t<div class=\"elementor-column elementor-col-100 elementor-top-column elementor-element elementor-element-ce8e767\" data-id=\"ce8e767\" data-element_type=\"column\" data-e-type=\"column\">\n\t\t\t<div class=\"elementor-widget-wrap elementor-element-populated\">\n\t\t\t\t\t\t<div class=\"elementor-element elementor-element-34869ec elementor-widget elementor-widget-text-editor\" data-id=\"34869ec\" data-element_type=\"widget\" data-e-type=\"widget\" data-widget_type=\"text-editor.default\">\n\t\t\t\t<div class=\"elementor-widget-container\">\n\t\t\t\t\t\t\t\t\t<p><strong>On Saturday evening, the election took place to choose the person who will represent the hotel during this year.<\/strong><\/p><p>At the end of a gala evening, hosted by Stacey King, the internet users and the jury, presided over by St\u00e9phane Bern, have chosen:<\/p><p>Marine L., 29 years old, restaurant director, and David O., 27 years old, student, have been chosen. Throughout the year, both will be responsible for being ambassadors of French elegance, will maintain a blog, and will be present at our major events at the hotel (La Nuit by Sofitel, National Day, etc.). Initially, they will fly to London thanks to our partner Luxair.<\/p>\t\t\t\t\t\t\t\t<\/div>\n\t\t\t\t<\/div>\n\t\t\t\t\t<\/div>\n\t\t<\/div>\n\t\t\t\t\t<\/div>\n\t\t<\/section>\n\t\t\t\t<section class=\"elementor-section elementor-top-section elementor-element elementor-element-12e14f59 elementor-section-boxed elementor-section-height-default elementor-section-height-default\" data-id=\"12e14f59\" data-element_type=\"section\" data-e-type=\"section\">\n\t\t\t\t\t\t<div class=\"elementor-container elementor-column-gap-default\">\n\t\t\t\t\t<div class=\"elementor-column elementor-col-100 elementor-top-column elementor-element elementor-element-609c74d4\" data-id=\"609c74d4\" data-element_type=\"column\" data-e-type=\"column\">\n\t\t\t<div class=\"elementor-widget-wrap elementor-element-populated\">\n\t\t\t\t\t\t<div class=\"elementor-element elementor-element-d0b4511 elementor-widget elementor-widget-text-editor\" data-id=\"d0b4511\" data-element_type=\"widget\" data-e-type=\"widget\" data-widget_type=\"text-editor.default\">\n\t\t\t\t<div class=\"elementor-widget-container\">\n\t\t\t\t\t\t\t\t\t<p><img decoding=\"async\" class=\"aligncenter size-full wp-image-387\" src=\"http:\/\/limage.lu\/wp-content\/uploads\/2017\/02\/16730607_1352995281418970_8522948498343392168_n.jpg\" alt=\"\" width=\"100%\" srcset=\"https:\/\/limage.lu\/wp-content\/uploads\/2017\/02\/16730607_1352995281418970_8522948498343392168_n.jpg 900w, https:\/\/limage.lu\/wp-content\/uploads\/2017\/02\/16730607_1352995281418970_8522948498343392168_n-150x150.jpg 150w, https:\/\/limage.lu\/wp-content\/uploads\/2017\/02\/16730607_1352995281418970_8522948498343392168_n-300x300.jpg 300w, https:\/\/limage.lu\/wp-content\/uploads\/2017\/02\/16730607_1352995281418970_8522948498343392168_n-768x768.jpg 768w\" sizes=\"(max-width: 900px) 100vw, 900px\" \/><\/p><p><img decoding=\"async\" class=\"aligncenter size-full wp-image-386\" src=\"http:\/\/limage.lu\/wp-content\/uploads\/2017\/02\/16684015_1352996221418876_853748496781660697_n.jpg\" alt=\"\" width=\"100%\" srcset=\"https:\/\/limage.lu\/wp-content\/uploads\/2017\/02\/16684015_1352996221418876_853748496781660697_n.jpg 900w, https:\/\/limage.lu\/wp-content\/uploads\/2017\/02\/16684015_1352996221418876_853748496781660697_n-150x150.jpg 150w, https:\/\/limage.lu\/wp-content\/uploads\/2017\/02\/16684015_1352996221418876_853748496781660697_n-300x300.jpg 300w, https:\/\/limage.lu\/wp-content\/uploads\/2017\/02\/16684015_1352996221418876_853748496781660697_n-768x768.jpg 768w\" sizes=\"(max-width: 900px) 100vw, 900px\" \/><\/p>\t\t\t\t\t\t\t\t<\/div>\n\t\t\t\t<\/div>\n\t\t\t\t\t<\/div>\n\t\t<\/div>\n\t\t\t\t\t<\/div>\n\t\t<\/section>\n\t\t\t\t<\/div>","protected":false},"excerpt":{"rendered":"<p>Les Gagnants 2017 Samedi soir a eu lieu l&rsquo;\u00e9lection de celui et celle qui repr\u00e9sentera l&rsquo;h\u00f4tel durant cette ann\u00e9e. A l&rsquo;issue d&rsquo;une soir\u00e9e de gala, anim\u00e9e par Stacey King, les internautes et le jury, pr\u00e9sid\u00e9 par St\u00e9phane Bern ont choisi : Marine L., 29 ans, directrice en restauration et David O., 27 ans, \u00e9tudiant.\u00a0Tout au [&hellip;]<\/p>\n","protected":false},"author":1,"featured_media":0,"parent":0,"menu_order":0,"comment_status":"closed","ping_status":"closed","template":"","meta":{"site-sidebar-layout":"default","site-content-layout":"","ast-site-content-layout":"","site-content-style":"default","site-sidebar-style":"default","ast-global-header-display":"","ast-banner-title-visibility":"","ast-main-header-display":"","ast-hfb-above-header-display":"","ast-hfb-below-header-display":"","ast-hfb-mobile-header-display":"","site-post-title":"disabled","ast-breadcrumbs-content":"","ast-featured-img":"","footer-sml-layout":"","theme-transparent-header-meta":"","adv-header-id-meta":"","stick-header-meta":"","header-above-stick-meta":"","header-main-stick-meta":"","header-below-stick-meta":"","astra-migrate-meta-layouts":"default","ast-page-background-enabled":"default","ast-page-background-meta":{"desktop":{"background-color":"","background-image":"","background-repeat":"repeat","background-position":"center center","background-size":"auto","background-attachment":"scroll","background-type":"","background-media":"","overlay-type":"","overlay-color":"","overlay-opacity":"","overlay-gradient":""},"tablet":{"background-color":"","background-image":"","background-repeat":"repeat","background-position":"center center","background-size":"auto","background-attachment":"scroll","background-type":"","background-media":"","overlay-type":"","overlay-color":"","overlay-opacity":"","overlay-gradient":""},"mobile":{"background-color":"","background-image":"","background-repeat":"repeat","background-position":"center center","background-size":"auto","background-attachment":"scroll","background-type":"","background-media":"","overlay-type":"","overlay-color":"","overlay-opacity":"","overlay-gradient":""}},"ast-content-background-meta":{"desktop":{"background-color":"var(--ast-global-color-5)","background-image":"","background-repeat":"repeat","background-position":"center center","background-size":"auto","background-attachment":"scroll","background-type":"","background-media":"","overlay-type":"","overlay-color":"","overlay-opacity":"","overlay-gradient":""},"tablet":{"background-color":"var(--ast-global-color-5)","background-image":"","background-repeat":"repeat","background-position":"center center","background-size":"auto","background-attachment":"scroll","background-type":"","background-media":"","overlay-type":"","overlay-color":"","overlay-opacity":"","overlay-gradient":""},"mobile":{"background-color":"var(--ast-global-color-5)","background-image":"","background-repeat":"repeat","background-position":"center center","background-size":"auto","background-attachment":"scroll","background-type":"","background-media":"","overlay-type":"","overlay-color":"","overlay-opacity":"","overlay-gradient":""}},"footnotes":""},"class_list":["post-489","page","type-page","status-publish","hentry"],"_links":{"self":[{"href":"https:\/\/limage.lu\/en\/wp-json\/wp\/v2\/pages\/489","targetHints":{"allow":["GET"]}}],"collection":[{"href":"https:\/\/limage.lu\/en\/wp-json\/wp\/v2\/pages"}],"about":[{"href":"https:\/\/limage.lu\/en\/wp-json\/wp\/v2\/types\/page"}],"author":[{"embeddable":true,"href":"https:\/\/limage.lu\/en\/wp-json\/wp\/v2\/users\/1"}],"replies":[{"embeddable":true,"href":"https:\/\/limage.lu\/en\/wp-json\/wp\/v2\/comments?post=489"}],"version-history":[{"count":11,"href":"https:\/\/limage.lu\/en\/wp-json\/wp\/v2\/pages\/489\/revisions"}],"predecessor-version":[{"id":1291,"href":"https:\/\/limage.lu\/en\/wp-json\/wp\/v2\/pages\/489\/revisions\/1291"}],"wp:attachment":[{"href":"https:\/\/limage.lu\/en\/wp-json\/wp\/v2\/media?parent=489"}],"curies":[{"name":"wp","href":"https:\/\/api.w.org\/{rel}","templated":true}]}}