{"id":491,"date":"2019-01-04T20:04:56","date_gmt":"2019-01-04T19:04:56","guid":{"rendered":"http:\/\/limage.lu\/?page_id=491"},"modified":"2023-03-06T15:07:51","modified_gmt":"2023-03-06T14:07:51","slug":"les-gagnants-2018","status":"publish","type":"page","link":"https:\/\/limage.lu\/en\/les-gagnants-2018\/","title":{"rendered":"2018 Winners"},"content":{"rendered":"<div data-elementor-type=\"wp-page\" data-elementor-id=\"491\" class=\"elementor elementor-491\">\n\t\t\t\t\t\t<section class=\"elementor-section elementor-top-section elementor-element elementor-element-f306d5b elementor-section-boxed elementor-section-height-default elementor-section-height-default\" data-id=\"f306d5b\" data-element_type=\"section\" data-e-type=\"section\">\n\t\t\t\t\t\t<div class=\"elementor-container elementor-column-gap-default\">\n\t\t\t\t\t<div class=\"elementor-column elementor-col-100 elementor-top-column elementor-element elementor-element-d730455\" data-id=\"d730455\" data-element_type=\"column\" data-e-type=\"column\">\n\t\t\t<div class=\"elementor-widget-wrap elementor-element-populated\">\n\t\t\t\t\t\t<div class=\"elementor-element elementor-element-823e59b elementor-widget elementor-widget-heading\" data-id=\"823e59b\" data-element_type=\"widget\" data-e-type=\"widget\" data-widget_type=\"heading.default\">\n\t\t\t\t<div class=\"elementor-widget-container\">\n\t\t\t\t\t<h1 class=\"elementor-heading-title elementor-size-default\">2018 Winners<\/h1>\t\t\t\t<\/div>\n\t\t\t\t<\/div>\n\t\t\t\t\t<\/div>\n\t\t<\/div>\n\t\t\t\t\t<\/div>\n\t\t<\/section>\n\t\t\t\t<section class=\"elementor-section elementor-top-section elementor-element elementor-element-091fae9 elementor-section-boxed elementor-section-height-default elementor-section-height-default\" data-id=\"091fae9\" data-element_type=\"section\" data-e-type=\"section\">\n\t\t\t\t\t\t<div class=\"elementor-container elementor-column-gap-default\">\n\t\t\t\t\t<div class=\"elementor-column elementor-col-100 elementor-top-column elementor-element elementor-element-5ecf6fa\" data-id=\"5ecf6fa\" data-element_type=\"column\" data-e-type=\"column\">\n\t\t\t<div class=\"elementor-widget-wrap elementor-element-populated\">\n\t\t\t\t\t\t<div class=\"elementor-element elementor-element-166cd0c elementor-widget elementor-widget-text-editor\" data-id=\"166cd0c\" data-element_type=\"widget\" data-e-type=\"widget\" data-widget_type=\"text-editor.default\">\n\t\t\t\t<div class=\"elementor-widget-container\">\n\t\t\t\t\t\t\t\t\t<p><strong>On February 2, the election took place to choose the person who will represent the hotel during this year.<\/strong><\/p><p>At the end of a gala evening, the internet users and the jury, chaired by Andy Schleck, have chosen:<\/p><p>Gina M., 28 years old, student, and Guillaume G., 27 years old, works supervisor, have succeeded Marine L. and David O., the winners of the first edition. Throughout the year, both will be responsible for being ambassadors of French elegance, will maintain a blog, and will be present at our major events at the hotel (La Nuit by Sofitel, National Day, etc.).<\/p>\t\t\t\t\t\t\t\t<\/div>\n\t\t\t\t<\/div>\n\t\t\t\t\t<\/div>\n\t\t<\/div>\n\t\t\t\t\t<\/div>\n\t\t<\/section>\n\t\t\t\t<section class=\"elementor-section elementor-top-section elementor-element elementor-element-3197caa5 elementor-section-boxed elementor-section-height-default elementor-section-height-default\" data-id=\"3197caa5\" data-element_type=\"section\" data-e-type=\"section\">\n\t\t\t\t\t\t<div class=\"elementor-container elementor-column-gap-default\">\n\t\t\t\t\t<div class=\"elementor-column elementor-col-100 elementor-top-column elementor-element elementor-element-fe2300c\" data-id=\"fe2300c\" data-element_type=\"column\" data-e-type=\"column\">\n\t\t\t<div class=\"elementor-widget-wrap elementor-element-populated\">\n\t\t\t\t\t\t<div class=\"elementor-element elementor-element-12d3eef3 elementor-widget elementor-widget-text-editor\" data-id=\"12d3eef3\" data-element_type=\"widget\" data-e-type=\"widget\" data-widget_type=\"text-editor.default\">\n\t\t\t\t<div class=\"elementor-widget-container\">\n\t\t\t\t\t\t\t\t\t<p><img decoding=\"async\" class=\"aligncenter size-full wp-image-387\" src=\"http:\/\/limage.lu\/wp-content\/uploads\/2018\/02\/gina_2.jpg\" alt=\"\" width=\"100%\" \/><\/p><p><img decoding=\"async\" class=\"aligncenter size-full wp-image-386\" src=\"http:\/\/limage.lu\/wp-content\/uploads\/2018\/02\/guillaume_2.jpg\" alt=\"\" width=\"100%\" \/><\/p>\t\t\t\t\t\t\t\t<\/div>\n\t\t\t\t<\/div>\n\t\t\t\t\t<\/div>\n\t\t<\/div>\n\t\t\t\t\t<\/div>\n\t\t<\/section>\n\t\t\t\t<\/div>","protected":false},"excerpt":{"rendered":"<p>Les Gagnants 2018 Ce 2 f\u00e9vrier a eu lieu l&rsquo;\u00e9lection de celui et celle qui repr\u00e9sentera l&rsquo;h\u00f4tel durant cette ann\u00e9e. A l&rsquo;issue d&rsquo;une soir\u00e9e de gala, les internautes et le jury pr\u00e9sid\u00e9 par Andy Schleck ont choisi : Gina M., 28 ans, \u00e9tudiante et Guillaume G., 27 ans, maitre d&rsquo;oeuvre ont donc succ\u00e9d\u00e9 \u00e0 Marine [&hellip;]<\/p>\n","protected":false},"author":1,"featured_media":0,"parent":0,"menu_order":0,"comment_status":"closed","ping_status":"closed","template":"","meta":{"site-sidebar-layout":"default","site-content-layout":"","ast-site-content-layout":"","site-content-style":"default","site-sidebar-style":"default","ast-global-header-display":"","ast-banner-title-visibility":"","ast-main-header-display":"","ast-hfb-above-header-display":"","ast-hfb-below-header-display":"","ast-hfb-mobile-header-display":"","site-post-title":"disabled","ast-breadcrumbs-content":"","ast-featured-img":"","footer-sml-layout":"","theme-transparent-header-meta":"","adv-header-id-meta":"","stick-header-meta":"","header-above-stick-meta":"","header-main-stick-meta":"","header-below-stick-meta":"","astra-migrate-meta-layouts":"default","ast-page-background-enabled":"default","ast-page-background-meta":{"desktop":{"background-color":"","background-image":"","background-repeat":"repeat","background-position":"center center","background-size":"auto","background-attachment":"scroll","background-type":"","background-media":"","overlay-type":"","overlay-color":"","overlay-opacity":"","overlay-gradient":""},"tablet":{"background-color":"","background-image":"","background-repeat":"repeat","background-position":"center center","background-size":"auto","background-attachment":"scroll","background-type":"","background-media":"","overlay-type":"","overlay-color":"","overlay-opacity":"","overlay-gradient":""},"mobile":{"background-color":"","background-image":"","background-repeat":"repeat","background-position":"center center","background-size":"auto","background-attachment":"scroll","background-type":"","background-media":"","overlay-type":"","overlay-color":"","overlay-opacity":"","overlay-gradient":""}},"ast-content-background-meta":{"desktop":{"background-color":"var(--ast-global-color-5)","background-image":"","background-repeat":"repeat","background-position":"center center","background-size":"auto","background-attachment":"scroll","background-type":"","background-media":"","overlay-type":"","overlay-color":"","overlay-opacity":"","overlay-gradient":""},"tablet":{"background-color":"var(--ast-global-color-5)","background-image":"","background-repeat":"repeat","background-position":"center center","background-size":"auto","background-attachment":"scroll","background-type":"","background-media":"","overlay-type":"","overlay-color":"","overlay-opacity":"","overlay-gradient":""},"mobile":{"background-color":"var(--ast-global-color-5)","background-image":"","background-repeat":"repeat","background-position":"center center","background-size":"auto","background-attachment":"scroll","background-type":"","background-media":"","overlay-type":"","overlay-color":"","overlay-opacity":"","overlay-gradient":""}},"footnotes":""},"class_list":["post-491","page","type-page","status-publish","hentry"],"_links":{"self":[{"href":"https:\/\/limage.lu\/en\/wp-json\/wp\/v2\/pages\/491","targetHints":{"allow":["GET"]}}],"collection":[{"href":"https:\/\/limage.lu\/en\/wp-json\/wp\/v2\/pages"}],"about":[{"href":"https:\/\/limage.lu\/en\/wp-json\/wp\/v2\/types\/page"}],"author":[{"embeddable":true,"href":"https:\/\/limage.lu\/en\/wp-json\/wp\/v2\/users\/1"}],"replies":[{"embeddable":true,"href":"https:\/\/limage.lu\/en\/wp-json\/wp\/v2\/comments?post=491"}],"version-history":[{"count":10,"href":"https:\/\/limage.lu\/en\/wp-json\/wp\/v2\/pages\/491\/revisions"}],"predecessor-version":[{"id":1278,"href":"https:\/\/limage.lu\/en\/wp-json\/wp\/v2\/pages\/491\/revisions\/1278"}],"wp:attachment":[{"href":"https:\/\/limage.lu\/en\/wp-json\/wp\/v2\/media?parent=491"}],"curies":[{"name":"wp","href":"https:\/\/api.w.org\/{rel}","templated":true}]}}