{"id":545,"date":"2019-02-26T18:04:47","date_gmt":"2019-02-26T17:04:47","guid":{"rendered":"http:\/\/limage.lu\/?page_id=545"},"modified":"2023-03-06T14:50:11","modified_gmt":"2023-03-06T13:50:11","slug":"les-finalistes-2019","status":"publish","type":"page","link":"https:\/\/limage.lu\/en\/les-finalistes-2019\/","title":{"rendered":"2019 Finalists"},"content":{"rendered":"<div data-elementor-type=\"wp-page\" data-elementor-id=\"545\" class=\"elementor elementor-545\">\n\t\t\t\t\t\t<section class=\"elementor-section elementor-top-section elementor-element elementor-element-33a42f1 elementor-section-boxed elementor-section-height-default elementor-section-height-default\" data-id=\"33a42f1\" data-element_type=\"section\" data-e-type=\"section\">\n\t\t\t\t\t\t<div class=\"elementor-container elementor-column-gap-default\">\n\t\t\t\t\t<div class=\"elementor-column elementor-col-100 elementor-top-column elementor-element elementor-element-45016d3\" data-id=\"45016d3\" data-element_type=\"column\" data-e-type=\"column\">\n\t\t\t<div class=\"elementor-widget-wrap elementor-element-populated\">\n\t\t\t\t\t\t<div class=\"elementor-element elementor-element-7e5e8fc elementor-widget elementor-widget-heading\" data-id=\"7e5e8fc\" data-element_type=\"widget\" data-e-type=\"widget\" data-widget_type=\"heading.default\">\n\t\t\t\t<div class=\"elementor-widget-container\">\n\t\t\t\t\t<h1 class=\"elementor-heading-title elementor-size-default\">2019 Finalists<\/h1>\t\t\t\t<\/div>\n\t\t\t\t<\/div>\n\t\t\t\t\t<\/div>\n\t\t<\/div>\n\t\t\t\t\t<\/div>\n\t\t<\/section>\n\t\t\t\t<section class=\"elementor-section elementor-top-section elementor-element elementor-element-f2fb7f1 elementor-section-boxed elementor-section-height-default elementor-section-height-default\" data-id=\"f2fb7f1\" data-element_type=\"section\" data-e-type=\"section\">\n\t\t\t\t\t\t<div class=\"elementor-container elementor-column-gap-default\">\n\t\t\t\t\t<div class=\"elementor-column elementor-col-100 elementor-top-column elementor-element elementor-element-f120fef\" data-id=\"f120fef\" data-element_type=\"column\" data-e-type=\"column\">\n\t\t\t<div class=\"elementor-widget-wrap elementor-element-populated\">\n\t\t\t\t\t\t<div class=\"elementor-element elementor-element-9fb133a elementor-widget elementor-widget-text-editor\" data-id=\"9fb133a\" data-element_type=\"widget\" data-e-type=\"widget\" data-widget_type=\"text-editor.default\">\n\t\t\t\t<div class=\"elementor-widget-container\">\n\t\t\t\t\t\t\t\t\t<p>You can vote for your favorite candidate on&nbsp;<a href=\"https:\/\/www.facebook.com\/pg\/SofitelLuxembourgGrandDucal\/photos\/?tab=album&amp;album_id=2206515189400304\" target=\"_blank\" rel=\"noopener noreferrer\" style=\"background-color: rgb(255, 255, 255);\">the Facebook album of Sofitel Luxembourg Le Grand Ducal<\/a>, 50% of the final grade is awarded by your choice.<br><\/p>\t\t\t\t\t\t\t\t<\/div>\n\t\t\t\t<\/div>\n\t\t\t\t\t<\/div>\n\t\t<\/div>\n\t\t\t\t\t<\/div>\n\t\t<\/section>\n\t\t\t\t<section class=\"elementor-section elementor-top-section elementor-element elementor-element-d367e62 elementor-section-boxed elementor-section-height-default elementor-section-height-default\" data-id=\"d367e62\" data-element_type=\"section\" data-e-type=\"section\">\n\t\t\t\t\t\t<div class=\"elementor-container elementor-column-gap-default\">\n\t\t\t\t\t<div class=\"elementor-column elementor-col-100 elementor-top-column elementor-element elementor-element-40534a1\" data-id=\"40534a1\" data-element_type=\"column\" data-e-type=\"column\">\n\t\t\t<div class=\"elementor-widget-wrap elementor-element-populated\">\n\t\t\t\t\t\t<div class=\"elementor-element elementor-element-9559c79 elementor-widget elementor-widget-text-editor\" data-id=\"9559c79\" data-element_type=\"widget\" data-e-type=\"widget\" data-widget_type=\"text-editor.default\">\n\t\t\t\t<div class=\"elementor-widget-container\">\n\t\t\t\t\t\t\t\t\t<p><span style=\"color: var(--ast-global-color-2); font-size: 1.375rem; font-style: inherit; font-weight: 600; background-color: var(--ast-global-color-5);\">Virginia T.<\/span><br><\/p>\n<p><a href=\"https:\/\/www.instagram.com\/p\/B84DOmsIC_r\/\" target=\"_blank\" rel=\"noopener noreferrer\"><img decoding=\"async\" class=\"aligncenter size-full wp-image-546\" src=\"http:\/\/limage.lu\/wp-content\/uploads\/2019\/02\/20190209_finalistes.jpg\" alt=\"\" width=\"100%\" srcset=\"https:\/\/limage.lu\/wp-content\/uploads\/2019\/02\/20190209_finalistes.jpg 2000w, https:\/\/limage.lu\/wp-content\/uploads\/2019\/02\/20190209_finalistes-150x150.jpg 150w, https:\/\/limage.lu\/wp-content\/uploads\/2019\/02\/20190209_finalistes-300x300.jpg 300w, https:\/\/limage.lu\/wp-content\/uploads\/2019\/02\/20190209_finalistes-768x768.jpg 768w, https:\/\/limage.lu\/wp-content\/uploads\/2019\/02\/20190209_finalistes-1024x1024.jpg 1024w\" sizes=\"(max-width: 2000px) 100vw, 2000px\" \/><\/a><\/p>\n<h3>Leslie N.<\/h3>\n<p><a href=\"https:\/\/www.instagram.com\/p\/BuLqHz7l6zE\/\" target=\"_blank\" rel=\"noopener noreferrer\"><img decoding=\"async\" class=\"aligncenter size-full wp-image-547\" src=\"http:\/\/limage.lu\/wp-content\/uploads\/2019\/02\/20190209_finalistes2.jpg\" alt=\"\" width=\"100%\" srcset=\"https:\/\/limage.lu\/wp-content\/uploads\/2019\/02\/20190209_finalistes2.jpg 2000w, https:\/\/limage.lu\/wp-content\/uploads\/2019\/02\/20190209_finalistes2-150x150.jpg 150w, https:\/\/limage.lu\/wp-content\/uploads\/2019\/02\/20190209_finalistes2-300x300.jpg 300w, https:\/\/limage.lu\/wp-content\/uploads\/2019\/02\/20190209_finalistes2-768x768.jpg 768w, https:\/\/limage.lu\/wp-content\/uploads\/2019\/02\/20190209_finalistes2-1024x1024.jpg 1024w\" sizes=\"(max-width: 2000px) 100vw, 2000px\" \/><\/a><\/p><a href=\"https:\/\/www.instagram.com\/p\/BuLqHz7l6zE\/\" target=\"_blank\" rel=\"noopener noreferrer\">\n<h3>Vincent H.<\/h3>\n<\/a><p><a href=\"https:\/\/www.instagram.com\/p\/BuLqHz7l6zE\/\" target=\"_blank\" rel=\"noopener noreferrer\"><\/a><a href=\"https:\/\/www.instagram.com\/p\/BuLqB3xl-6d\/\" target=\"_blank\" rel=\"noopener noreferrer\"><img decoding=\"async\" class=\"aligncenter size-full wp-image-548\" src=\"http:\/\/limage.lu\/wp-content\/uploads\/2019\/02\/20190209_finalistes4.jpg\" alt=\"\" width=\"100%\" srcset=\"https:\/\/limage.lu\/wp-content\/uploads\/2019\/02\/20190209_finalistes4.jpg 2000w, https:\/\/limage.lu\/wp-content\/uploads\/2019\/02\/20190209_finalistes4-150x150.jpg 150w, https:\/\/limage.lu\/wp-content\/uploads\/2019\/02\/20190209_finalistes4-300x300.jpg 300w, https:\/\/limage.lu\/wp-content\/uploads\/2019\/02\/20190209_finalistes4-768x768.jpg 768w, https:\/\/limage.lu\/wp-content\/uploads\/2019\/02\/20190209_finalistes4-1024x1024.jpg 1024w\" sizes=\"(max-width: 2000px) 100vw, 2000px\" \/><\/a><\/p><a href=\"https:\/\/www.instagram.com\/p\/BuLqB3xl-6d\/\" target=\"_blank\" rel=\"noopener noreferrer\">\n<h3>Roberto T.<\/h3>\n<\/a><p><a href=\"https:\/\/www.instagram.com\/p\/BuLqB3xl-6d\/\" target=\"_blank\" rel=\"noopener noreferrer\"><\/a><a href=\"https:\/\/www.instagram.com\/p\/BuLqJW-F9Fn\/\" target=\"_blank\" rel=\"noopener noreferrer\"><img decoding=\"async\" class=\"aligncenter size-full wp-image-549\" src=\"http:\/\/limage.lu\/wp-content\/uploads\/2019\/02\/20190209_finalistes5.jpg\" alt=\"\" width=\"100%\" srcset=\"https:\/\/limage.lu\/wp-content\/uploads\/2019\/02\/20190209_finalistes5.jpg 2000w, https:\/\/limage.lu\/wp-content\/uploads\/2019\/02\/20190209_finalistes5-150x150.jpg 150w, https:\/\/limage.lu\/wp-content\/uploads\/2019\/02\/20190209_finalistes5-300x300.jpg 300w, https:\/\/limage.lu\/wp-content\/uploads\/2019\/02\/20190209_finalistes5-768x768.jpg 768w, https:\/\/limage.lu\/wp-content\/uploads\/2019\/02\/20190209_finalistes5-1024x1024.jpg 1024w\" sizes=\"(max-width: 2000px) 100vw, 2000px\" \/><\/a><\/p><a href=\"https:\/\/www.instagram.com\/p\/BuLqJW-F9Fn\/\" target=\"_blank\" rel=\"noopener noreferrer\">\n<h3>Merw\u00ebn L.<\/h3>\n<\/a><p><a href=\"https:\/\/www.instagram.com\/p\/BuLqJW-F9Fn\/\" target=\"_blank\" rel=\"noopener noreferrer\"><\/a><a href=\"https:\/\/www.instagram.com\/p\/BuLqGOqlaOp\/\" target=\"_blank\" rel=\"noopener noreferrer\"><img decoding=\"async\" class=\"aligncenter size-full wp-image-550\" src=\"http:\/\/limage.lu\/wp-content\/uploads\/2019\/02\/20190209_finalistes6.jpg\" alt=\"\" width=\"100%\" srcset=\"https:\/\/limage.lu\/wp-content\/uploads\/2019\/02\/20190209_finalistes6.jpg 2000w, https:\/\/limage.lu\/wp-content\/uploads\/2019\/02\/20190209_finalistes6-150x150.jpg 150w, https:\/\/limage.lu\/wp-content\/uploads\/2019\/02\/20190209_finalistes6-300x300.jpg 300w, https:\/\/limage.lu\/wp-content\/uploads\/2019\/02\/20190209_finalistes6-768x768.jpg 768w, https:\/\/limage.lu\/wp-content\/uploads\/2019\/02\/20190209_finalistes6-1024x1024.jpg 1024w\" sizes=\"(max-width: 2000px) 100vw, 2000px\" \/><\/a><\/p><a href=\"https:\/\/www.instagram.com\/p\/BuLqGOqlaOp\/\" target=\"_blank\" rel=\"noopener noreferrer\">\n<h3>Maxime C.<\/h3>\n<\/a><p><a href=\"https:\/\/www.instagram.com\/p\/BuLqGOqlaOp\/\" target=\"_blank\" rel=\"noopener noreferrer\"><\/a><a href=\"https:\/\/www.instagram.com\/p\/BuLqTDuluWy\/\" target=\"_blank\" rel=\"noopener noreferrer\"><img decoding=\"async\" class=\"aligncenter size-full wp-image-551\" src=\"http:\/\/limage.lu\/wp-content\/uploads\/2019\/02\/20190209_finalistes7.jpg\" alt=\"\" width=\"100%\" srcset=\"https:\/\/limage.lu\/wp-content\/uploads\/2019\/02\/20190209_finalistes7.jpg 2000w, https:\/\/limage.lu\/wp-content\/uploads\/2019\/02\/20190209_finalistes7-150x150.jpg 150w, https:\/\/limage.lu\/wp-content\/uploads\/2019\/02\/20190209_finalistes7-300x300.jpg 300w, https:\/\/limage.lu\/wp-content\/uploads\/2019\/02\/20190209_finalistes7-768x768.jpg 768w, https:\/\/limage.lu\/wp-content\/uploads\/2019\/02\/20190209_finalistes7-1024x1024.jpg 1024w\" sizes=\"(max-width: 2000px) 100vw, 2000px\" \/><\/a><\/p><a href=\"https:\/\/www.instagram.com\/p\/BuLqTDuluWy\/\" target=\"_blank\" rel=\"noopener noreferrer\">\n<h3>Marc C.<\/h3>\n<\/a><p><a href=\"https:\/\/www.instagram.com\/p\/BuLqTDuluWy\/\" target=\"_blank\" rel=\"noopener noreferrer\"><\/a><a href=\"https:\/\/www.instagram.com\/p\/BuLqVrzlljT\/\" target=\"_blank\" rel=\"noopener noreferrer\"><img decoding=\"async\" class=\"aligncenter size-full wp-image-552\" src=\"http:\/\/limage.lu\/wp-content\/uploads\/2019\/02\/20190209_finalistes8.jpg\" alt=\"\" width=\"100%\" srcset=\"https:\/\/limage.lu\/wp-content\/uploads\/2019\/02\/20190209_finalistes8.jpg 2000w, https:\/\/limage.lu\/wp-content\/uploads\/2019\/02\/20190209_finalistes8-150x150.jpg 150w, https:\/\/limage.lu\/wp-content\/uploads\/2019\/02\/20190209_finalistes8-300x300.jpg 300w, https:\/\/limage.lu\/wp-content\/uploads\/2019\/02\/20190209_finalistes8-768x768.jpg 768w, https:\/\/limage.lu\/wp-content\/uploads\/2019\/02\/20190209_finalistes8-1024x1024.jpg 1024w\" sizes=\"(max-width: 2000px) 100vw, 2000px\" \/><\/a><\/p><a href=\"https:\/\/www.instagram.com\/p\/BuLqVrzlljT\/\" target=\"_blank\" rel=\"noopener noreferrer\">\n<h3>Nathan L.<\/h3>\n<\/a><p><a href=\"https:\/\/www.instagram.com\/p\/BuLqVrzlljT\/\" target=\"_blank\" rel=\"noopener noreferrer\"><\/a><a href=\"https:\/\/www.instagram.com\/p\/BuLqQfdlbzk\/\" target=\"_blank\" rel=\"noopener noreferrer\"><img decoding=\"async\" class=\"aligncenter size-full wp-image-553\" src=\"http:\/\/limage.lu\/wp-content\/uploads\/2019\/02\/20190209_finalistes9.jpg\" alt=\"\" width=\"100%\" srcset=\"https:\/\/limage.lu\/wp-content\/uploads\/2019\/02\/20190209_finalistes9.jpg 2000w, https:\/\/limage.lu\/wp-content\/uploads\/2019\/02\/20190209_finalistes9-150x150.jpg 150w, https:\/\/limage.lu\/wp-content\/uploads\/2019\/02\/20190209_finalistes9-300x300.jpg 300w, https:\/\/limage.lu\/wp-content\/uploads\/2019\/02\/20190209_finalistes9-768x768.jpg 768w, https:\/\/limage.lu\/wp-content\/uploads\/2019\/02\/20190209_finalistes9-1024x1024.jpg 1024w\" sizes=\"(max-width: 2000px) 100vw, 2000px\" \/><\/a><\/p><a href=\"https:\/\/www.instagram.com\/p\/BuLqQfdlbzk\/\" target=\"_blank\" rel=\"noopener noreferrer\">\n<h3>Liudmila P.<\/h3>\n<\/a><p><a href=\"https:\/\/www.instagram.com\/p\/BuLqQfdlbzk\/\" target=\"_blank\" rel=\"noopener noreferrer\"><\/a><a href=\"https:\/\/www.instagram.com\/p\/BuLqO7lFx7S\/\" target=\"_blank\" rel=\"noopener noreferrer\"><img decoding=\"async\" class=\"aligncenter size-full wp-image-555\" src=\"http:\/\/limage.lu\/wp-content\/uploads\/2019\/02\/20190209_finalistes11.jpg\" alt=\"\" width=\"100%\" srcset=\"https:\/\/limage.lu\/wp-content\/uploads\/2019\/02\/20190209_finalistes11.jpg 2000w, https:\/\/limage.lu\/wp-content\/uploads\/2019\/02\/20190209_finalistes11-150x150.jpg 150w, https:\/\/limage.lu\/wp-content\/uploads\/2019\/02\/20190209_finalistes11-300x300.jpg 300w, https:\/\/limage.lu\/wp-content\/uploads\/2019\/02\/20190209_finalistes11-768x768.jpg 768w, https:\/\/limage.lu\/wp-content\/uploads\/2019\/02\/20190209_finalistes11-1024x1024.jpg 1024w\" sizes=\"(max-width: 2000px) 100vw, 2000px\" \/><\/a><\/p><a href=\"https:\/\/www.instagram.com\/p\/BuLqO7lFx7S\/\" target=\"_blank\" rel=\"noopener noreferrer\">\n<h3>Monika N.<\/h3>\n<\/a><p><a href=\"https:\/\/www.instagram.com\/p\/BuLqO7lFx7S\/\" target=\"_blank\" rel=\"noopener noreferrer\"><\/a><a href=\"https:\/\/www.instagram.com\/p\/BuLqLktFASj\/\" target=\"_blank\" rel=\"noopener noreferrer\"><img decoding=\"async\" class=\"aligncenter size-full wp-image-556\" src=\"http:\/\/limage.lu\/wp-content\/uploads\/2019\/02\/20190209_finalistes12.jpg\" alt=\"\" width=\"100%\" srcset=\"https:\/\/limage.lu\/wp-content\/uploads\/2019\/02\/20190209_finalistes12.jpg 2000w, https:\/\/limage.lu\/wp-content\/uploads\/2019\/02\/20190209_finalistes12-150x150.jpg 150w, https:\/\/limage.lu\/wp-content\/uploads\/2019\/02\/20190209_finalistes12-300x300.jpg 300w, https:\/\/limage.lu\/wp-content\/uploads\/2019\/02\/20190209_finalistes12-768x768.jpg 768w, https:\/\/limage.lu\/wp-content\/uploads\/2019\/02\/20190209_finalistes12-1024x1024.jpg 1024w\" sizes=\"(max-width: 2000px) 100vw, 2000px\" \/><\/a><\/p><a href=\"https:\/\/www.instagram.com\/p\/BuLqLktFASj\/\" target=\"_blank\" rel=\"noopener noreferrer\">\n<h3>Amandine V.<\/h3>\n<\/a><p><a href=\"https:\/\/www.instagram.com\/p\/BuLqLktFASj\/\" target=\"_blank\" rel=\"noopener noreferrer\"><\/a><a href=\"https:\/\/www.instagram.com\/p\/BuLqRoHlNMm\/\" target=\"_blank\" rel=\"noopener noreferrer\"><img decoding=\"async\" class=\"aligncenter size-full wp-image-557\" src=\"http:\/\/limage.lu\/wp-content\/uploads\/2019\/02\/20190209_finalistes13.jpg\" alt=\"\" width=\"100%\" srcset=\"https:\/\/limage.lu\/wp-content\/uploads\/2019\/02\/20190209_finalistes13.jpg 2000w, https:\/\/limage.lu\/wp-content\/uploads\/2019\/02\/20190209_finalistes13-150x150.jpg 150w, https:\/\/limage.lu\/wp-content\/uploads\/2019\/02\/20190209_finalistes13-300x300.jpg 300w, https:\/\/limage.lu\/wp-content\/uploads\/2019\/02\/20190209_finalistes13-768x768.jpg 768w, https:\/\/limage.lu\/wp-content\/uploads\/2019\/02\/20190209_finalistes13-1024x1024.jpg 1024w\" sizes=\"(max-width: 2000px) 100vw, 2000px\" \/><\/a><\/p><a href=\"https:\/\/www.instagram.com\/p\/BuLqRoHlNMm\/\" target=\"_blank\" rel=\"noopener noreferrer\">\n<h3>Gabriela G.<\/h3>\n<\/a><p><a href=\"https:\/\/www.instagram.com\/p\/BuLqRoHlNMm\/\" target=\"_blank\" rel=\"noopener noreferrer\"><\/a><a href=\"https:\/\/www.instagram.com\/p\/BuLqEXglqYy\/\" target=\"_blank\" rel=\"noopener noreferrer\"><img decoding=\"async\" class=\"aligncenter size-full wp-image-558\" src=\"http:\/\/limage.lu\/wp-content\/uploads\/2019\/02\/20190209_finalistes14.jpg\" alt=\"\" width=\"100%\" srcset=\"https:\/\/limage.lu\/wp-content\/uploads\/2019\/02\/20190209_finalistes14.jpg 2000w, https:\/\/limage.lu\/wp-content\/uploads\/2019\/02\/20190209_finalistes14-150x150.jpg 150w, https:\/\/limage.lu\/wp-content\/uploads\/2019\/02\/20190209_finalistes14-300x300.jpg 300w, https:\/\/limage.lu\/wp-content\/uploads\/2019\/02\/20190209_finalistes14-768x768.jpg 768w, https:\/\/limage.lu\/wp-content\/uploads\/2019\/02\/20190209_finalistes14-1024x1024.jpg 1024w\" sizes=\"(max-width: 2000px) 100vw, 2000px\" \/><\/a><\/p><a href=\"https:\/\/www.instagram.com\/p\/BuLqEXglqYy\/\" target=\"_blank\" rel=\"noopener noreferrer\">\n<h3>Loris C.<\/h3>\n<\/a><p><a href=\"https:\/\/www.instagram.com\/p\/BuLqEXglqYy\/\" target=\"_blank\" rel=\"noopener noreferrer\"><\/a><a href=\"https:\/\/www.instagram.com\/p\/BuLqNF3l5eS\/\" target=\"_blank\" rel=\"noopener noreferrer\"><img decoding=\"async\" class=\"aligncenter size-full wp-image-559\" src=\"http:\/\/limage.lu\/wp-content\/uploads\/2019\/02\/20190209_finalistes15.jpg\" alt=\"\" width=\"100%\" srcset=\"https:\/\/limage.lu\/wp-content\/uploads\/2019\/02\/20190209_finalistes15.jpg 2000w, https:\/\/limage.lu\/wp-content\/uploads\/2019\/02\/20190209_finalistes15-150x150.jpg 150w, https:\/\/limage.lu\/wp-content\/uploads\/2019\/02\/20190209_finalistes15-300x300.jpg 300w, https:\/\/limage.lu\/wp-content\/uploads\/2019\/02\/20190209_finalistes15-768x768.jpg 768w, https:\/\/limage.lu\/wp-content\/uploads\/2019\/02\/20190209_finalistes15-1024x1024.jpg 1024w\" sizes=\"(max-width: 2000px) 100vw, 2000px\" \/><\/a><\/p><a href=\"https:\/\/www.instagram.com\/p\/BuLqNF3l5eS\/\" target=\"_blank\" rel=\"noopener noreferrer\">\n<h3>Olivia<\/h3>\n<\/a><p><a href=\"https:\/\/www.instagram.com\/p\/BuLqNF3l5eS\/\" target=\"_blank\" rel=\"noopener noreferrer\"><\/a><a href=\"https:\/\/www.instagram.com\/p\/BuLqUkOFxDz\/\" target=\"_blank\" rel=\"noopener noreferrer\"><img decoding=\"async\" class=\"aligncenter size-full wp-image-560\" src=\"http:\/\/limage.lu\/wp-content\/uploads\/2019\/02\/20190209_finalistes16.jpg\" alt=\"\" width=\"100%\" srcset=\"https:\/\/limage.lu\/wp-content\/uploads\/2019\/02\/20190209_finalistes16.jpg 2000w, https:\/\/limage.lu\/wp-content\/uploads\/2019\/02\/20190209_finalistes16-150x150.jpg 150w, https:\/\/limage.lu\/wp-content\/uploads\/2019\/02\/20190209_finalistes16-300x300.jpg 300w, https:\/\/limage.lu\/wp-content\/uploads\/2019\/02\/20190209_finalistes16-768x768.jpg 768w, https:\/\/limage.lu\/wp-content\/uploads\/2019\/02\/20190209_finalistes16-1024x1024.jpg 1024w\" sizes=\"(max-width: 2000px) 100vw, 2000px\" \/><\/a><\/p><a href=\"https:\/\/www.instagram.com\/p\/BuLqUkOFxDz\/\" target=\"_blank\" rel=\"noopener noreferrer\">\n<\/a>\t\t\t\t\t\t\t\t<\/div>\n\t\t\t\t<\/div>\n\t\t\t\t\t<\/div>\n\t\t<\/div>\n\t\t\t\t\t<\/div>\n\t\t<\/section>\n\t\t\t\t<section class=\"elementor-section elementor-top-section elementor-element elementor-element-57c9ce42 elementor-section-boxed elementor-section-height-default elementor-section-height-default\" data-id=\"57c9ce42\" data-element_type=\"section\" data-e-type=\"section\">\n\t\t\t\t\t\t<div class=\"elementor-container elementor-column-gap-default\">\n\t\t\t\t\t<div class=\"elementor-column elementor-col-100 elementor-top-column elementor-element elementor-element-13bcfc18\" data-id=\"13bcfc18\" data-element_type=\"column\" data-e-type=\"column\">\n\t\t\t<div class=\"elementor-widget-wrap\">\n\t\t\t\t\t\t\t<\/div>\n\t\t<\/div>\n\t\t\t\t\t<\/div>\n\t\t<\/section>\n\t\t\t\t<\/div>","protected":false},"excerpt":{"rendered":"<p>Les Finalistes 2019 Vous pouvez voter pour votre candidat pr\u00e9f\u00e9r\u00e9 sur&nbsp;l&rsquo;album Facebook du Sofitel Luxembourg Le Grand Ducal, 50% de la note finale est attribu\u00e9e par votre choix. Virginia T. Leslie N. Vincent H. Roberto T. Merw\u00ebn L. Maxime C. Marc C. Nathan L. Liudmila P. Monika N. Amandine V. Gabriela G. Loris C. Olivia<\/p>","protected":false},"author":1,"featured_media":0,"parent":0,"menu_order":0,"comment_status":"closed","ping_status":"closed","template":"","meta":{"site-sidebar-layout":"default","site-content-layout":"","ast-site-content-layout":"","site-content-style":"default","site-sidebar-style":"default","ast-global-header-display":"","ast-banner-title-visibility":"","ast-main-header-display":"","ast-hfb-above-header-display":"","ast-hfb-below-header-display":"","ast-hfb-mobile-header-display":"","site-post-title":"disabled","ast-breadcrumbs-content":"","ast-featured-img":"","footer-sml-layout":"","theme-transparent-header-meta":"","adv-header-id-meta":"","stick-header-meta":"","header-above-stick-meta":"","header-main-stick-meta":"","header-below-stick-meta":"","astra-migrate-meta-layouts":"default","ast-page-background-enabled":"default","ast-page-background-meta":{"desktop":{"background-color":"","background-image":"","background-repeat":"repeat","background-position":"center center","background-size":"auto","background-attachment":"scroll","background-type":"","background-media":"","overlay-type":"","overlay-color":"","overlay-opacity":"","overlay-gradient":""},"tablet":{"background-color":"","background-image":"","background-repeat":"repeat","background-position":"center center","background-size":"auto","background-attachment":"scroll","background-type":"","background-media":"","overlay-type":"","overlay-color":"","overlay-opacity":"","overlay-gradient":""},"mobile":{"background-color":"","background-image":"","background-repeat":"repeat","background-position":"center center","background-size":"auto","background-attachment":"scroll","background-type":"","background-media":"","overlay-type":"","overlay-color":"","overlay-opacity":"","overlay-gradient":""}},"ast-content-background-meta":{"desktop":{"background-color":"var(--ast-global-color-5)","background-image":"","background-repeat":"repeat","background-position":"center center","background-size":"auto","background-attachment":"scroll","background-type":"","background-media":"","overlay-type":"","overlay-color":"","overlay-opacity":"","overlay-gradient":""},"tablet":{"background-color":"var(--ast-global-color-5)","background-image":"","background-repeat":"repeat","background-position":"center center","background-size":"auto","background-attachment":"scroll","background-type":"","background-media":"","overlay-type":"","overlay-color":"","overlay-opacity":"","overlay-gradient":""},"mobile":{"background-color":"var(--ast-global-color-5)","background-image":"","background-repeat":"repeat","background-position":"center center","background-size":"auto","background-attachment":"scroll","background-type":"","background-media":"","overlay-type":"","overlay-color":"","overlay-opacity":"","overlay-gradient":""}},"footnotes":""},"class_list":["post-545","page","type-page","status-publish","hentry"],"_links":{"self":[{"href":"https:\/\/limage.lu\/en\/wp-json\/wp\/v2\/pages\/545","targetHints":{"allow":["GET"]}}],"collection":[{"href":"https:\/\/limage.lu\/en\/wp-json\/wp\/v2\/pages"}],"about":[{"href":"https:\/\/limage.lu\/en\/wp-json\/wp\/v2\/types\/page"}],"author":[{"embeddable":true,"href":"https:\/\/limage.lu\/en\/wp-json\/wp\/v2\/users\/1"}],"replies":[{"embeddable":true,"href":"https:\/\/limage.lu\/en\/wp-json\/wp\/v2\/comments?post=545"}],"version-history":[{"count":21,"href":"https:\/\/limage.lu\/en\/wp-json\/wp\/v2\/pages\/545\/revisions"}],"predecessor-version":[{"id":1245,"href":"https:\/\/limage.lu\/en\/wp-json\/wp\/v2\/pages\/545\/revisions\/1245"}],"wp:attachment":[{"href":"https:\/\/limage.lu\/en\/wp-json\/wp\/v2\/media?parent=545"}],"curies":[{"name":"wp","href":"https:\/\/api.w.org\/{rel}","templated":true}]}}