{"id":634,"date":"2020-02-24T12:48:52","date_gmt":"2020-02-24T11:48:52","guid":{"rendered":"http:\/\/limage.lu\/?page_id=634"},"modified":"2023-03-06T14:52:50","modified_gmt":"2023-03-06T13:52:50","slug":"les-finalistes-2020","status":"publish","type":"page","link":"https:\/\/limage.lu\/en\/les-finalistes-2020\/","title":{"rendered":"2020 Finalists"},"content":{"rendered":"<div data-elementor-type=\"wp-page\" data-elementor-id=\"634\" class=\"elementor elementor-634\">\n\t\t\t\t\t\t<section class=\"elementor-section elementor-top-section elementor-element elementor-element-2b6be3e elementor-section-boxed elementor-section-height-default elementor-section-height-default\" data-id=\"2b6be3e\" data-element_type=\"section\" data-e-type=\"section\">\n\t\t\t\t\t\t<div class=\"elementor-container elementor-column-gap-default\">\n\t\t\t\t\t<div class=\"elementor-column elementor-col-100 elementor-top-column elementor-element elementor-element-2b0680f\" data-id=\"2b0680f\" data-element_type=\"column\" data-e-type=\"column\">\n\t\t\t<div class=\"elementor-widget-wrap elementor-element-populated\">\n\t\t\t\t\t\t<div class=\"elementor-element elementor-element-3c8fd0b elementor-widget elementor-widget-heading\" data-id=\"3c8fd0b\" data-element_type=\"widget\" data-e-type=\"widget\" data-widget_type=\"heading.default\">\n\t\t\t\t<div class=\"elementor-widget-container\">\n\t\t\t\t\t<h1 class=\"elementor-heading-title elementor-size-default\">2020 Finalists<\/h1>\t\t\t\t<\/div>\n\t\t\t\t<\/div>\n\t\t\t\t\t<\/div>\n\t\t<\/div>\n\t\t\t\t\t<\/div>\n\t\t<\/section>\n\t\t\t\t<section class=\"elementor-section elementor-top-section elementor-element elementor-element-597a100 elementor-section-boxed elementor-section-height-default elementor-section-height-default\" data-id=\"597a100\" data-element_type=\"section\" data-e-type=\"section\">\n\t\t\t\t\t\t<div class=\"elementor-container elementor-column-gap-default\">\n\t\t\t\t\t<div class=\"elementor-column elementor-col-100 elementor-top-column elementor-element elementor-element-14487743\" data-id=\"14487743\" data-element_type=\"column\" data-e-type=\"column\">\n\t\t\t<div class=\"elementor-widget-wrap elementor-element-populated\">\n\t\t\t\t\t\t<div class=\"elementor-element elementor-element-2e8d4465 elementor-widget elementor-widget-text-editor\" data-id=\"2e8d4465\" data-element_type=\"widget\" data-e-type=\"widget\" data-widget_type=\"text-editor.default\">\n\t\t\t\t<div class=\"elementor-widget-container\">\n\t\t\t\t\t\t\t\t\t<h3>Ch\u00f4r\u00f4k E.<\/h3>\n<a href=\"https:\/\/www.instagram.com\/p\/B84DOmsIC_r\/\" target=\"_blank\" rel=\"noopener noreferrer\"><img decoding=\"async\" class=\"aligncenter wp-image-620 size-full\" src=\"http:\/\/limage.lu\/wp-content\/uploads\/2020\/02\/20200228_finalistes3.jpg\" alt=\"\" width=\"100%\" srcset=\"https:\/\/limage.lu\/wp-content\/uploads\/2020\/02\/20200228_finalistes3.jpg 2708w, https:\/\/limage.lu\/wp-content\/uploads\/2020\/02\/20200228_finalistes3-150x150.jpg 150w, https:\/\/limage.lu\/wp-content\/uploads\/2020\/02\/20200228_finalistes3-300x300.jpg 300w, https:\/\/limage.lu\/wp-content\/uploads\/2020\/02\/20200228_finalistes3-768x768.jpg 768w, https:\/\/limage.lu\/wp-content\/uploads\/2020\/02\/20200228_finalistes3-1024x1024.jpg 1024w\" sizes=\"(max-width: 2708px) 100vw, 2708px\" \/><\/a>\n<h3>Yannis E.<\/h3>\n<a href=\"https:\/\/www.instagram.com\/p\/B84DHcwIltA\/\" target=\"_blank\" rel=\"noopener noreferrer\"><img decoding=\"async\" class=\"aligncenter wp-image-631 size-full\" src=\"http:\/\/limage.lu\/wp-content\/uploads\/2020\/02\/20200228_finalistes14.jpg\" alt=\"\" width=\"100%\" srcset=\"https:\/\/limage.lu\/wp-content\/uploads\/2020\/02\/20200228_finalistes14.jpg 2708w, https:\/\/limage.lu\/wp-content\/uploads\/2020\/02\/20200228_finalistes14-150x150.jpg 150w, https:\/\/limage.lu\/wp-content\/uploads\/2020\/02\/20200228_finalistes14-300x300.jpg 300w, https:\/\/limage.lu\/wp-content\/uploads\/2020\/02\/20200228_finalistes14-768x768.jpg 768w, https:\/\/limage.lu\/wp-content\/uploads\/2020\/02\/20200228_finalistes14-1024x1024.jpg 1024w\" sizes=\"(max-width: 2708px) 100vw, 2708px\" \/><\/a>\n<h3>Valeri D.<\/h3>\n<a href=\"https:\/\/www.instagram.com\/p\/B84DCPlIlot\/\" target=\"_blank\" rel=\"noopener noreferrer\"><img decoding=\"async\" class=\"aligncenter wp-image-624 size-full\" src=\"http:\/\/limage.lu\/wp-content\/uploads\/2020\/02\/20200228_finalistes7.jpg\" alt=\"\" width=\"100%\" srcset=\"https:\/\/limage.lu\/wp-content\/uploads\/2020\/02\/20200228_finalistes7.jpg 2708w, https:\/\/limage.lu\/wp-content\/uploads\/2020\/02\/20200228_finalistes7-150x150.jpg 150w, https:\/\/limage.lu\/wp-content\/uploads\/2020\/02\/20200228_finalistes7-300x300.jpg 300w, https:\/\/limage.lu\/wp-content\/uploads\/2020\/02\/20200228_finalistes7-768x768.jpg 768w, https:\/\/limage.lu\/wp-content\/uploads\/2020\/02\/20200228_finalistes7-1024x1024.jpg 1024w\" sizes=\"(max-width: 2708px) 100vw, 2708px\" \/><\/a>\n<h3>Aur\u00e9lien K.<\/h3>\n<a href=\"https:\/\/www.instagram.com\/p\/B84C65Ko_-E\/\" target=\"_blank\" rel=\"noopener noreferrer\"><img decoding=\"async\" class=\"aligncenter wp-image-626 size-full\" src=\"http:\/\/limage.lu\/wp-content\/uploads\/2020\/02\/20200228_finalistes9.jpg\" alt=\"\" width=\"100%\" srcset=\"https:\/\/limage.lu\/wp-content\/uploads\/2020\/02\/20200228_finalistes9.jpg 2708w, https:\/\/limage.lu\/wp-content\/uploads\/2020\/02\/20200228_finalistes9-150x150.jpg 150w, https:\/\/limage.lu\/wp-content\/uploads\/2020\/02\/20200228_finalistes9-300x300.jpg 300w, https:\/\/limage.lu\/wp-content\/uploads\/2020\/02\/20200228_finalistes9-768x768.jpg 768w, https:\/\/limage.lu\/wp-content\/uploads\/2020\/02\/20200228_finalistes9-1024x1024.jpg 1024w\" sizes=\"(max-width: 2708px) 100vw, 2708px\" \/><\/a>\n<h3>Taiana N.<\/h3>\n<a href=\"https:\/\/www.instagram.com\/p\/B84CwfeIgQ9\/\" target=\"_blank\" rel=\"noopener noreferrer\"><img decoding=\"async\" class=\"aligncenter wp-image-618 size-full\" src=\"http:\/\/limage.lu\/wp-content\/uploads\/2020\/02\/20200228_finalistes.jpg\" alt=\"\" width=\"100%\" srcset=\"https:\/\/limage.lu\/wp-content\/uploads\/2020\/02\/20200228_finalistes.jpg 2708w, https:\/\/limage.lu\/wp-content\/uploads\/2020\/02\/20200228_finalistes-150x150.jpg 150w, https:\/\/limage.lu\/wp-content\/uploads\/2020\/02\/20200228_finalistes-300x300.jpg 300w, https:\/\/limage.lu\/wp-content\/uploads\/2020\/02\/20200228_finalistes-768x768.jpg 768w, https:\/\/limage.lu\/wp-content\/uploads\/2020\/02\/20200228_finalistes-1024x1024.jpg 1024w\" sizes=\"(max-width: 2708px) 100vw, 2708px\" \/><\/a>\n<h3>Simone C.<\/h3>\n<a href=\"https:\/\/www.instagram.com\/p\/B84CqsUIiq0\/\" target=\"_blank\" rel=\"noopener noreferrer\"><img decoding=\"async\" class=\"aligncenter wp-image-627 size-full\" src=\"http:\/\/limage.lu\/wp-content\/uploads\/2020\/02\/20200228_finalistes10.jpg\" alt=\"\" width=\"100%\" srcset=\"https:\/\/limage.lu\/wp-content\/uploads\/2020\/02\/20200228_finalistes10.jpg 2708w, https:\/\/limage.lu\/wp-content\/uploads\/2020\/02\/20200228_finalistes10-150x150.jpg 150w, https:\/\/limage.lu\/wp-content\/uploads\/2020\/02\/20200228_finalistes10-300x300.jpg 300w, https:\/\/limage.lu\/wp-content\/uploads\/2020\/02\/20200228_finalistes10-768x768.jpg 768w, https:\/\/limage.lu\/wp-content\/uploads\/2020\/02\/20200228_finalistes10-1024x1024.jpg 1024w\" sizes=\"(max-width: 2708px) 100vw, 2708px\" \/><\/a>\n<h3>Judy H.<\/h3>\n<a href=\"https:\/\/www.instagram.com\/p\/B84CalWIOpc\/\" target=\"_blank\" rel=\"noopener noreferrer\"><img decoding=\"async\" class=\"aligncenter wp-image-619 size-full\" src=\"http:\/\/limage.lu\/wp-content\/uploads\/2020\/02\/20200228_finalistes2.jpg\" alt=\"\" width=\"100%\" srcset=\"https:\/\/limage.lu\/wp-content\/uploads\/2020\/02\/20200228_finalistes2.jpg 2708w, https:\/\/limage.lu\/wp-content\/uploads\/2020\/02\/20200228_finalistes2-150x150.jpg 150w, https:\/\/limage.lu\/wp-content\/uploads\/2020\/02\/20200228_finalistes2-300x300.jpg 300w, https:\/\/limage.lu\/wp-content\/uploads\/2020\/02\/20200228_finalistes2-768x768.jpg 768w, https:\/\/limage.lu\/wp-content\/uploads\/2020\/02\/20200228_finalistes2-1024x1024.jpg 1024w\" sizes=\"(max-width: 2708px) 100vw, 2708px\" \/><\/a>\n<h3>Gr\u00e9gory S.<\/h3>\n<a href=\"https:\/\/www.instagram.com\/p\/B84CTUVImHA\/\" target=\"_blank\" rel=\"noopener noreferrer\"><img decoding=\"async\" class=\"aligncenter wp-image-628 size-full\" src=\"http:\/\/limage.lu\/wp-content\/uploads\/2020\/02\/20200228_finalistes11.jpg\" alt=\"\" width=\"100%\" srcset=\"https:\/\/limage.lu\/wp-content\/uploads\/2020\/02\/20200228_finalistes11.jpg 2708w, https:\/\/limage.lu\/wp-content\/uploads\/2020\/02\/20200228_finalistes11-150x150.jpg 150w, https:\/\/limage.lu\/wp-content\/uploads\/2020\/02\/20200228_finalistes11-300x300.jpg 300w, https:\/\/limage.lu\/wp-content\/uploads\/2020\/02\/20200228_finalistes11-768x768.jpg 768w, https:\/\/limage.lu\/wp-content\/uploads\/2020\/02\/20200228_finalistes11-1024x1024.jpg 1024w\" sizes=\"(max-width: 2708px) 100vw, 2708px\" \/><\/a>\n<h3>Cindy D.<\/h3>\n<a href=\"https:\/\/www.instagram.com\/p\/B84CLg6oBE8\/\" target=\"_blank\" rel=\"noopener noreferrer\"><img decoding=\"async\" class=\"aligncenter wp-image-623 size-full\" src=\"http:\/\/limage.lu\/wp-content\/uploads\/2020\/02\/20200228_finalistes6.jpg\" alt=\"\" width=\"100%\" srcset=\"https:\/\/limage.lu\/wp-content\/uploads\/2020\/02\/20200228_finalistes6.jpg 2708w, https:\/\/limage.lu\/wp-content\/uploads\/2020\/02\/20200228_finalistes6-150x150.jpg 150w, https:\/\/limage.lu\/wp-content\/uploads\/2020\/02\/20200228_finalistes6-300x300.jpg 300w, https:\/\/limage.lu\/wp-content\/uploads\/2020\/02\/20200228_finalistes6-768x768.jpg 768w, https:\/\/limage.lu\/wp-content\/uploads\/2020\/02\/20200228_finalistes6-1024x1024.jpg 1024w\" sizes=\"(max-width: 2708px) 100vw, 2708px\" \/><\/a>\n<h3>Patrick M.<\/h3>\n<a href=\"https:\/\/www.instagram.com\/p\/B84CHCYIarq\/\" target=\"_blank\" rel=\"noopener noreferrer\"><img decoding=\"async\" class=\"aligncenter wp-image-629 size-full\" src=\"http:\/\/limage.lu\/wp-content\/uploads\/2020\/02\/20200228_finalistes12.jpg\" alt=\"\" width=\"100%\" srcset=\"https:\/\/limage.lu\/wp-content\/uploads\/2020\/02\/20200228_finalistes12.jpg 2708w, https:\/\/limage.lu\/wp-content\/uploads\/2020\/02\/20200228_finalistes12-150x150.jpg 150w, https:\/\/limage.lu\/wp-content\/uploads\/2020\/02\/20200228_finalistes12-300x300.jpg 300w, https:\/\/limage.lu\/wp-content\/uploads\/2020\/02\/20200228_finalistes12-768x768.jpg 768w, https:\/\/limage.lu\/wp-content\/uploads\/2020\/02\/20200228_finalistes12-1024x1024.jpg 1024w\" sizes=\"(max-width: 2708px) 100vw, 2708px\" \/><\/a>\n<h3>Camille P.<\/h3>\n<a href=\"https:\/\/www.instagram.com\/p\/B84CBd_o8g0\/\" target=\"_blank\" rel=\"noopener noreferrer\"><img decoding=\"async\" class=\"aligncenter wp-image-621 size-full\" src=\"http:\/\/limage.lu\/wp-content\/uploads\/2020\/02\/20200228_finalistes4.jpg\" alt=\"\" width=\"100%\" srcset=\"https:\/\/limage.lu\/wp-content\/uploads\/2020\/02\/20200228_finalistes4.jpg 2708w, https:\/\/limage.lu\/wp-content\/uploads\/2020\/02\/20200228_finalistes4-150x150.jpg 150w, https:\/\/limage.lu\/wp-content\/uploads\/2020\/02\/20200228_finalistes4-300x300.jpg 300w, https:\/\/limage.lu\/wp-content\/uploads\/2020\/02\/20200228_finalistes4-768x768.jpg 768w, https:\/\/limage.lu\/wp-content\/uploads\/2020\/02\/20200228_finalistes4-1024x1024.jpg 1024w\" sizes=\"(max-width: 2708px) 100vw, 2708px\" \/><\/a>\n<h3>Ren\u00e9 A.<\/h3>\n<a href=\"https:\/\/www.instagram.com\/p\/B84B8mWoypf\/\" target=\"_blank\" rel=\"noopener noreferrer\"><img decoding=\"async\" class=\"aligncenter wp-image-630 size-full\" src=\"http:\/\/limage.lu\/wp-content\/uploads\/2020\/02\/20200228_finalistes13.jpg\" alt=\"\" width=\"100%\" srcset=\"https:\/\/limage.lu\/wp-content\/uploads\/2020\/02\/20200228_finalistes13.jpg 2708w, https:\/\/limage.lu\/wp-content\/uploads\/2020\/02\/20200228_finalistes13-150x150.jpg 150w, https:\/\/limage.lu\/wp-content\/uploads\/2020\/02\/20200228_finalistes13-300x300.jpg 300w, https:\/\/limage.lu\/wp-content\/uploads\/2020\/02\/20200228_finalistes13-768x768.jpg 768w, https:\/\/limage.lu\/wp-content\/uploads\/2020\/02\/20200228_finalistes13-1024x1024.jpg 1024w\" sizes=\"(max-width: 2708px) 100vw, 2708px\" \/><\/a>\n<h3>Grace M.<\/h3>\n<a href=\"https:\/\/www.instagram.com\/p\/B84B2zpIMCT\/\" target=\"_blank\" rel=\"noopener noreferrer\"><img decoding=\"async\" class=\"aligncenter wp-image-622 size-full\" src=\"http:\/\/limage.lu\/wp-content\/uploads\/2020\/02\/20200228_finalistes5.jpg\" alt=\"\" width=\"100%\" srcset=\"https:\/\/limage.lu\/wp-content\/uploads\/2020\/02\/20200228_finalistes5.jpg 2708w, https:\/\/limage.lu\/wp-content\/uploads\/2020\/02\/20200228_finalistes5-150x150.jpg 150w, https:\/\/limage.lu\/wp-content\/uploads\/2020\/02\/20200228_finalistes5-300x300.jpg 300w, https:\/\/limage.lu\/wp-content\/uploads\/2020\/02\/20200228_finalistes5-768x768.jpg 768w, https:\/\/limage.lu\/wp-content\/uploads\/2020\/02\/20200228_finalistes5-1024x1024.jpg 1024w\" sizes=\"(max-width: 2708px) 100vw, 2708px\" \/><\/a>\n<h3>Jordan L.<\/h3>\n<a href=\"https:\/\/www.instagram.com\/p\/B84BeZboLu0\/\" target=\"_blank\" rel=\"noopener noreferrer\"><img decoding=\"async\" class=\"aligncenter wp-image-632 size-full\" src=\"http:\/\/limage.lu\/wp-content\/uploads\/2020\/02\/20200228_finalistes15.jpg\" alt=\"\" width=\"100%\" srcset=\"https:\/\/limage.lu\/wp-content\/uploads\/2020\/02\/20200228_finalistes15.jpg 2708w, https:\/\/limage.lu\/wp-content\/uploads\/2020\/02\/20200228_finalistes15-150x150.jpg 150w, https:\/\/limage.lu\/wp-content\/uploads\/2020\/02\/20200228_finalistes15-300x300.jpg 300w, https:\/\/limage.lu\/wp-content\/uploads\/2020\/02\/20200228_finalistes15-768x768.jpg 768w, https:\/\/limage.lu\/wp-content\/uploads\/2020\/02\/20200228_finalistes15-1024x1024.jpg 1024w\" sizes=\"(max-width: 2708px) 100vw, 2708px\" \/><\/a>\n<h3>Svetlana L.<\/h3>\n<a href=\"https:\/\/www.instagram.com\/p\/B84BWq3oTLt\/\" target=\"_blank\" rel=\"noopener noreferrer\"><img decoding=\"async\" class=\"aligncenter wp-image-625 size-full\" src=\"http:\/\/limage.lu\/wp-content\/uploads\/2020\/02\/20200228_finalistes8.jpg\" alt=\"\" width=\"100%\" srcset=\"https:\/\/limage.lu\/wp-content\/uploads\/2020\/02\/20200228_finalistes8.jpg 2708w, https:\/\/limage.lu\/wp-content\/uploads\/2020\/02\/20200228_finalistes8-150x150.jpg 150w, https:\/\/limage.lu\/wp-content\/uploads\/2020\/02\/20200228_finalistes8-300x300.jpg 300w, https:\/\/limage.lu\/wp-content\/uploads\/2020\/02\/20200228_finalistes8-768x768.jpg 768w, https:\/\/limage.lu\/wp-content\/uploads\/2020\/02\/20200228_finalistes8-1024x1024.jpg 1024w\" sizes=\"(max-width: 2708px) 100vw, 2708px\" \/><\/a>\n<h3>Diego G.<\/h3>\n<a href=\"https:\/\/www.instagram.com\/p\/B84BJ-RI22O\/\" target=\"_blank\" rel=\"noopener noreferrer\"><img decoding=\"async\" class=\"aligncenter wp-image-633 size-full\" src=\"http:\/\/limage.lu\/wp-content\/uploads\/2020\/02\/20200228_finalistes16.jpg\" alt=\"\" width=\"100%\" srcset=\"https:\/\/limage.lu\/wp-content\/uploads\/2020\/02\/20200228_finalistes16.jpg 2708w, https:\/\/limage.lu\/wp-content\/uploads\/2020\/02\/20200228_finalistes16-150x150.jpg 150w, https:\/\/limage.lu\/wp-content\/uploads\/2020\/02\/20200228_finalistes16-300x300.jpg 300w, https:\/\/limage.lu\/wp-content\/uploads\/2020\/02\/20200228_finalistes16-768x768.jpg 768w, https:\/\/limage.lu\/wp-content\/uploads\/2020\/02\/20200228_finalistes16-1024x1024.jpg 1024w\" sizes=\"(max-width: 2708px) 100vw, 2708px\" \/><\/a>\t\t\t\t\t\t\t\t<\/div>\n\t\t\t\t<\/div>\n\t\t\t\t\t<\/div>\n\t\t<\/div>\n\t\t\t\t\t<\/div>\n\t\t<\/section>\n\t\t\t\t<\/div>","protected":false},"excerpt":{"rendered":"<p>Les Finalistes 2020 Ch\u00f4r\u00f4k E. Yannis E. Valeri D. Aur\u00e9lien K. Taiana N. Simone C. Judy H. Gr\u00e9gory S. Cindy D. Patrick M. Camille P. Ren\u00e9 A. Grace M. Jordan L. Svetlana L. Diego G.<\/p>","protected":false},"author":1,"featured_media":0,"parent":0,"menu_order":0,"comment_status":"closed","ping_status":"closed","template":"","meta":{"site-sidebar-layout":"default","site-content-layout":"","ast-site-content-layout":"","site-content-style":"default","site-sidebar-style":"default","ast-global-header-display":"","ast-banner-title-visibility":"","ast-main-header-display":"","ast-hfb-above-header-display":"","ast-hfb-below-header-display":"","ast-hfb-mobile-header-display":"","site-post-title":"disabled","ast-breadcrumbs-content":"","ast-featured-img":"","footer-sml-layout":"","theme-transparent-header-meta":"","adv-header-id-meta":"","stick-header-meta":"","header-above-stick-meta":"","header-main-stick-meta":"","header-below-stick-meta":"","astra-migrate-meta-layouts":"default","ast-page-background-enabled":"default","ast-page-background-meta":{"desktop":{"background-color":"","background-image":"","background-repeat":"repeat","background-position":"center center","background-size":"auto","background-attachment":"scroll","background-type":"","background-media":"","overlay-type":"","overlay-color":"","overlay-opacity":"","overlay-gradient":""},"tablet":{"background-color":"","background-image":"","background-repeat":"repeat","background-position":"center center","background-size":"auto","background-attachment":"scroll","background-type":"","background-media":"","overlay-type":"","overlay-color":"","overlay-opacity":"","overlay-gradient":""},"mobile":{"background-color":"","background-image":"","background-repeat":"repeat","background-position":"center center","background-size":"auto","background-attachment":"scroll","background-type":"","background-media":"","overlay-type":"","overlay-color":"","overlay-opacity":"","overlay-gradient":""}},"ast-content-background-meta":{"desktop":{"background-color":"var(--ast-global-color-5)","background-image":"","background-repeat":"repeat","background-position":"center center","background-size":"auto","background-attachment":"scroll","background-type":"","background-media":"","overlay-type":"","overlay-color":"","overlay-opacity":"","overlay-gradient":""},"tablet":{"background-color":"var(--ast-global-color-5)","background-image":"","background-repeat":"repeat","background-position":"center center","background-size":"auto","background-attachment":"scroll","background-type":"","background-media":"","overlay-type":"","overlay-color":"","overlay-opacity":"","overlay-gradient":""},"mobile":{"background-color":"var(--ast-global-color-5)","background-image":"","background-repeat":"repeat","background-position":"center center","background-size":"auto","background-attachment":"scroll","background-type":"","background-media":"","overlay-type":"","overlay-color":"","overlay-opacity":"","overlay-gradient":""}},"footnotes":""},"class_list":["post-634","page","type-page","status-publish","hentry"],"_links":{"self":[{"href":"https:\/\/limage.lu\/en\/wp-json\/wp\/v2\/pages\/634","targetHints":{"allow":["GET"]}}],"collection":[{"href":"https:\/\/limage.lu\/en\/wp-json\/wp\/v2\/pages"}],"about":[{"href":"https:\/\/limage.lu\/en\/wp-json\/wp\/v2\/types\/page"}],"author":[{"embeddable":true,"href":"https:\/\/limage.lu\/en\/wp-json\/wp\/v2\/users\/1"}],"replies":[{"embeddable":true,"href":"https:\/\/limage.lu\/en\/wp-json\/wp\/v2\/comments?post=634"}],"version-history":[{"count":12,"href":"https:\/\/limage.lu\/en\/wp-json\/wp\/v2\/pages\/634\/revisions"}],"predecessor-version":[{"id":1256,"href":"https:\/\/limage.lu\/en\/wp-json\/wp\/v2\/pages\/634\/revisions\/1256"}],"wp:attachment":[{"href":"https:\/\/limage.lu\/en\/wp-json\/wp\/v2\/media?parent=634"}],"curies":[{"name":"wp","href":"https:\/\/api.w.org\/{rel}","templated":true}]}}