{"id":657,"date":"2021-01-20T17:45:47","date_gmt":"2021-01-20T16:45:47","guid":{"rendered":"http:\/\/limage.lu\/?page_id=657"},"modified":"2023-03-06T15:09:21","modified_gmt":"2023-03-06T14:09:21","slug":"les-gagnants-2020","status":"publish","type":"page","link":"https:\/\/limage.lu\/en\/les-gagnants-2020\/","title":{"rendered":"2020 Winners"},"content":{"rendered":"<div data-elementor-type=\"wp-page\" data-elementor-id=\"657\" class=\"elementor elementor-657\">\n\t\t\t\t\t\t<section class=\"elementor-section elementor-top-section elementor-element elementor-element-020b1ae elementor-section-boxed elementor-section-height-default elementor-section-height-default\" data-id=\"020b1ae\" data-element_type=\"section\" data-e-type=\"section\">\n\t\t\t\t\t\t<div class=\"elementor-container elementor-column-gap-default\">\n\t\t\t\t\t<div class=\"elementor-column elementor-col-100 elementor-top-column elementor-element elementor-element-4819918\" data-id=\"4819918\" data-element_type=\"column\" data-e-type=\"column\">\n\t\t\t<div class=\"elementor-widget-wrap elementor-element-populated\">\n\t\t\t\t\t\t<div class=\"elementor-element elementor-element-8841ce0 elementor-widget elementor-widget-heading\" data-id=\"8841ce0\" data-element_type=\"widget\" data-e-type=\"widget\" data-widget_type=\"heading.default\">\n\t\t\t\t<div class=\"elementor-widget-container\">\n\t\t\t\t\t<h1 class=\"elementor-heading-title elementor-size-default\">2020 Winners<\/h1>\t\t\t\t<\/div>\n\t\t\t\t<\/div>\n\t\t\t\t\t<\/div>\n\t\t<\/div>\n\t\t\t\t\t<\/div>\n\t\t<\/section>\n\t\t\t\t<section class=\"elementor-section elementor-top-section elementor-element elementor-element-16dd50f elementor-section-boxed elementor-section-height-default elementor-section-height-default\" data-id=\"16dd50f\" data-element_type=\"section\" data-e-type=\"section\">\n\t\t\t\t\t\t<div class=\"elementor-container elementor-column-gap-default\">\n\t\t\t\t\t<div class=\"elementor-column elementor-col-100 elementor-top-column elementor-element elementor-element-c731a4b\" data-id=\"c731a4b\" data-element_type=\"column\" data-e-type=\"column\">\n\t\t\t<div class=\"elementor-widget-wrap elementor-element-populated\">\n\t\t\t\t\t\t<div class=\"elementor-element elementor-element-5992124 elementor-widget elementor-widget-text-editor\" data-id=\"5992124\" data-element_type=\"widget\" data-e-type=\"widget\" data-widget_type=\"text-editor.default\">\n\t\t\t\t<div class=\"elementor-widget-container\">\n\t\t\t\t\t\t\t\t\t<p><strong>On February 28, 2020, the election took place to choose the person who will represent the hotel for one year.<\/strong><\/p><p>At the end of a gala evening, the internet users and the jury, chaired by Terry De Nassau, have chosen:<\/p><p>Camille P., 27 years old, real estate agent, and Yannis E., 24 years old, real estate agent, have succeeded Amandine and Loris, the winners of the previous edition. Throughout the year, both will be responsible for being ambassadors of French elegance, will maintain a blog, and will be present at our major events at the hotel (La Nuit by Sofitel, National Day, etc.).<\/p>\t\t\t\t\t\t\t\t<\/div>\n\t\t\t\t<\/div>\n\t\t\t\t\t<\/div>\n\t\t<\/div>\n\t\t\t\t\t<\/div>\n\t\t<\/section>\n\t\t\t\t<section class=\"elementor-section elementor-top-section elementor-element elementor-element-47d556b elementor-section-boxed elementor-section-height-default elementor-section-height-default\" data-id=\"47d556b\" data-element_type=\"section\" data-e-type=\"section\">\n\t\t\t\t\t\t<div class=\"elementor-container elementor-column-gap-default\">\n\t\t\t\t\t<div class=\"elementor-column elementor-col-100 elementor-top-column elementor-element elementor-element-7aa5bde9\" data-id=\"7aa5bde9\" data-element_type=\"column\" data-e-type=\"column\">\n\t\t\t<div class=\"elementor-widget-wrap elementor-element-populated\">\n\t\t\t\t\t\t<div class=\"elementor-element elementor-element-41f5dc3b elementor-widget elementor-widget-text-editor\" data-id=\"41f5dc3b\" data-element_type=\"widget\" data-e-type=\"widget\" data-widget_type=\"text-editor.default\">\n\t\t\t\t<div class=\"elementor-widget-container\">\n\t\t\t\t\t\t\t\t\t<p><a href=\"https:\/\/www.instagram.com\/camille.p57\/\" target=\"_blank\" rel=\"noopener\"><img decoding=\"async\" class=\"aligncenter wp-image-655 size-full\" src=\"http:\/\/limage.lu\/wp-content\/uploads\/2021\/01\/gagnants.jpg\" alt=\"\" width=\"100%\" srcset=\"https:\/\/limage.lu\/wp-content\/uploads\/2021\/01\/gagnants.jpg 960w, https:\/\/limage.lu\/wp-content\/uploads\/2021\/01\/gagnants-150x150.jpg 150w, https:\/\/limage.lu\/wp-content\/uploads\/2021\/01\/gagnants-300x300.jpg 300w, https:\/\/limage.lu\/wp-content\/uploads\/2021\/01\/gagnants-768x768.jpg 768w\" sizes=\"(max-width: 960px) 100vw, 960px\" \/><\/a><\/p><p><a href=\"https:\/\/www.instagram.com\/nynolf\/\" target=\"_blank\" rel=\"noopener\"><img decoding=\"async\" class=\"aligncenter wp-image-654 size-full\" src=\"http:\/\/limage.lu\/wp-content\/uploads\/2021\/01\/gagnants_yannis.jpg\" alt=\"\" width=\"100%\" srcset=\"https:\/\/limage.lu\/wp-content\/uploads\/2021\/01\/gagnants_yannis.jpg 960w, https:\/\/limage.lu\/wp-content\/uploads\/2021\/01\/gagnants_yannis-150x150.jpg 150w, https:\/\/limage.lu\/wp-content\/uploads\/2021\/01\/gagnants_yannis-300x300.jpg 300w, https:\/\/limage.lu\/wp-content\/uploads\/2021\/01\/gagnants_yannis-768x768.jpg 768w\" sizes=\"(max-width: 960px) 100vw, 960px\" \/><\/a><\/p>\t\t\t\t\t\t\t\t<\/div>\n\t\t\t\t<\/div>\n\t\t\t\t\t<\/div>\n\t\t<\/div>\n\t\t\t\t\t<\/div>\n\t\t<\/section>\n\t\t\t\t<\/div>","protected":false},"excerpt":{"rendered":"<p>Les Gagnants 2020 Le 28 f\u00e9vrier 2020 a eu lieu l&rsquo;\u00e9lection de celui et celle qui repr\u00e9sentera l&rsquo;h\u00f4tel durant une ann\u00e9e. A l&rsquo;issue d&rsquo;une soir\u00e9e de gala, les internautes et le jury pr\u00e9sid\u00e9 par Terry De Nassau ont choisi : Camille P., 27 ans, agent immobilier et Yannis E., 24 ans, agent immobilier ont donc [&hellip;]<\/p>\n","protected":false},"author":1,"featured_media":0,"parent":0,"menu_order":0,"comment_status":"closed","ping_status":"closed","template":"","meta":{"site-sidebar-layout":"default","site-content-layout":"","ast-site-content-layout":"","site-content-style":"default","site-sidebar-style":"default","ast-global-header-display":"","ast-banner-title-visibility":"","ast-main-header-display":"","ast-hfb-above-header-display":"","ast-hfb-below-header-display":"","ast-hfb-mobile-header-display":"","site-post-title":"disabled","ast-breadcrumbs-content":"","ast-featured-img":"","footer-sml-layout":"","theme-transparent-header-meta":"","adv-header-id-meta":"","stick-header-meta":"","header-above-stick-meta":"","header-main-stick-meta":"","header-below-stick-meta":"","astra-migrate-meta-layouts":"default","ast-page-background-enabled":"default","ast-page-background-meta":{"desktop":{"background-color":"","background-image":"","background-repeat":"repeat","background-position":"center center","background-size":"auto","background-attachment":"scroll","background-type":"","background-media":"","overlay-type":"","overlay-color":"","overlay-opacity":"","overlay-gradient":""},"tablet":{"background-color":"","background-image":"","background-repeat":"repeat","background-position":"center center","background-size":"auto","background-attachment":"scroll","background-type":"","background-media":"","overlay-type":"","overlay-color":"","overlay-opacity":"","overlay-gradient":""},"mobile":{"background-color":"","background-image":"","background-repeat":"repeat","background-position":"center center","background-size":"auto","background-attachment":"scroll","background-type":"","background-media":"","overlay-type":"","overlay-color":"","overlay-opacity":"","overlay-gradient":""}},"ast-content-background-meta":{"desktop":{"background-color":"var(--ast-global-color-5)","background-image":"","background-repeat":"repeat","background-position":"center center","background-size":"auto","background-attachment":"scroll","background-type":"","background-media":"","overlay-type":"","overlay-color":"","overlay-opacity":"","overlay-gradient":""},"tablet":{"background-color":"var(--ast-global-color-5)","background-image":"","background-repeat":"repeat","background-position":"center center","background-size":"auto","background-attachment":"scroll","background-type":"","background-media":"","overlay-type":"","overlay-color":"","overlay-opacity":"","overlay-gradient":""},"mobile":{"background-color":"var(--ast-global-color-5)","background-image":"","background-repeat":"repeat","background-position":"center center","background-size":"auto","background-attachment":"scroll","background-type":"","background-media":"","overlay-type":"","overlay-color":"","overlay-opacity":"","overlay-gradient":""}},"footnotes":""},"class_list":["post-657","page","type-page","status-publish","hentry"],"_links":{"self":[{"href":"https:\/\/limage.lu\/en\/wp-json\/wp\/v2\/pages\/657","targetHints":{"allow":["GET"]}}],"collection":[{"href":"https:\/\/limage.lu\/en\/wp-json\/wp\/v2\/pages"}],"about":[{"href":"https:\/\/limage.lu\/en\/wp-json\/wp\/v2\/types\/page"}],"author":[{"embeddable":true,"href":"https:\/\/limage.lu\/en\/wp-json\/wp\/v2\/users\/1"}],"replies":[{"embeddable":true,"href":"https:\/\/limage.lu\/en\/wp-json\/wp\/v2\/comments?post=657"}],"version-history":[{"count":16,"href":"https:\/\/limage.lu\/en\/wp-json\/wp\/v2\/pages\/657\/revisions"}],"predecessor-version":[{"id":1281,"href":"https:\/\/limage.lu\/en\/wp-json\/wp\/v2\/pages\/657\/revisions\/1281"}],"wp:attachment":[{"href":"https:\/\/limage.lu\/en\/wp-json\/wp\/v2\/media?parent=657"}],"curies":[{"name":"wp","href":"https:\/\/api.w.org\/{rel}","templated":true}]}}